{"id":33000,"date":"2025-02-06T09:59:50","date_gmt":"2025-02-06T08:59:50","guid":{"rendered":"https:\/\/kniznicasamorin.sk\/?page_id=33000"},"modified":"2025-02-06T10:15:31","modified_gmt":"2025-02-06T09:15:31","slug":"video-navod","status":"publish","type":"page","link":"https:\/\/kniznicasamorin.sk\/sk\/video-navod\/","title":{"rendered":"Video n\u00e1vod"},"content":{"rendered":"\n<p><strong>Ako vyh\u013ead\u00e1va\u0165 knihy v na\u0161om online katal\u00f3gu?<\/strong><\/p>\n\n\n\n<p>V tomto kr\u00e1tkom videu v\u00e1m uk\u00e1\u017eeme, ako r\u00fdchlo a jednoducho n\u00e1jdete knihy v na\u0161om katal\u00f3gu. Otvorte si online katal\u00f3g:<br>-Zadajte n\u00e1zov knihy, autora alebo t\u00e9mu<br>-Prezrite si v\u00fdsledky a detaily kn\u00edh<br>-Skontrolujte dostupnos\u0165 a pripravte sa na \u010d\u00edtanie!<\/p>\n\n\n\n<figure class=\"wp-block-video\"><video height=\"1920\" style=\"aspect-ratio: 1080 \/ 1920;\" width=\"1080\" controls src=\"https:\/\/wp-kniznicasamorin.s3.eu-central-1.amazonaws.com\/wp-content\/uploads\/2025\/02\/Dizajn-bez-nazvu-2-1.mp4\"><\/video><\/figure>\n","protected":false},"excerpt":{"rendered":"<p>Ako vyh\u013ead\u00e1va\u0165 knihy v na\u0161om online katal\u00f3gu? V tomto kr\u00e1tkom videu v\u00e1m uk\u00e1\u017eeme, ako r\u00fdchlo a jednoducho n\u00e1jdete knihy v na\u0161om katal\u00f3gu. Otvorte si online katal\u00f3g:-Zadajte n\u00e1zov knihy, autora alebo t\u00e9mu-Prezrite si v\u00fdsledky a detaily kn\u00edh-Skontrolujte dostupnos\u0165 a pripravte sa na \u010d\u00edtanie!<\/p>\n","protected":false},"author":107,"featured_media":0,"parent":0,"menu_order":0,"comment_status":"closed","ping_status":"closed","template":"","meta":{"_acf_changed":false,"footnotes":""},"class_list":["post-33000","page","type-page","status-publish","hentry"],"acf":[],"_links":{"self":[{"href":"https:\/\/kniznicasamorin.sk\/sk\/wp-json\/wp\/v2\/pages\/33000","targetHints":{"allow":["GET"]}}],"collection":[{"href":"https:\/\/kniznicasamorin.sk\/sk\/wp-json\/wp\/v2\/pages"}],"about":[{"href":"https:\/\/kniznicasamorin.sk\/sk\/wp-json\/wp\/v2\/types\/page"}],"author":[{"embeddable":true,"href":"https:\/\/kniznicasamorin.sk\/sk\/wp-json\/wp\/v2\/users\/107"}],"replies":[{"embeddable":true,"href":"https:\/\/kniznicasamorin.sk\/sk\/wp-json\/wp\/v2\/comments?post=33000"}],"version-history":[{"count":3,"href":"https:\/\/kniznicasamorin.sk\/sk\/wp-json\/wp\/v2\/pages\/33000\/revisions"}],"predecessor-version":[{"id":33010,"href":"https:\/\/kniznicasamorin.sk\/sk\/wp-json\/wp\/v2\/pages\/33000\/revisions\/33010"}],"wp:attachment":[{"href":"https:\/\/kniznicasamorin.sk\/sk\/wp-json\/wp\/v2\/media?parent=33000"}],"curies":[{"name":"wp","href":"https:\/\/api.w.org\/{rel}","templated":true}]}}