{"id":31413,"date":"2024-02-27T11:43:53","date_gmt":"2024-02-27T10:43:53","guid":{"rendered":"https:\/\/kniznicasamorin.sk\/?page_id=31413"},"modified":"2025-02-06T10:15:29","modified_gmt":"2025-02-06T09:15:29","slug":"digitalny-preukaz","status":"publish","type":"page","link":"https:\/\/kniznicasamorin.sk\/sk\/digitalny-preukaz\/","title":{"rendered":"Digit\u00e1lny preukaz"},"content":{"rendered":"\n<p>Va\u0161e kni\u017eni\u010dn\u00e9 z\u00e1le\u017eitosti m\u00f4\u017eete vybavi\u0165 pomocou mobilnej aplik\u00e1cie &#8216;Qulto eCard&#8217;.<\/p>\n\n\n\n<p>Sta\u010d\u00ed len stiahnu\u0165 aplik\u00e1ciu s n\u00e1zvom &#8216;Qulto eCard&#8217; z Google Play alebo iOS AppStore.<\/p>\n\n\n<div class=\"wp-block-image\">\n<figure class=\"alignleft size-large is-resized\"><a href=\"https:\/\/wp-kniznicasamorin.s3.eu-central-1.amazonaws.com\/wp-content\/uploads\/2024\/03\/Sk_2.jpg\"><img loading=\"lazy\" decoding=\"async\" width=\"791\" height=\"1024\" src=\"https:\/\/wp-kniznicasamorin.s3.eu-central-1.amazonaws.com\/wp-content\/uploads\/2024\/03\/Sk_2-791x1024.jpg\" alt=\"\" class=\"wp-image-31448\" style=\"width:397px;height:513px\" srcset=\"https:\/\/wp-kniznicasamorin.s3.eu-central-1.amazonaws.com\/wp-content\/uploads\/2024\/03\/Sk_2-791x1024.jpg 791w, https:\/\/wp-kniznicasamorin.s3.eu-central-1.amazonaws.com\/wp-content\/uploads\/2024\/03\/Sk_2-232x300.jpg 232w, https:\/\/wp-kniznicasamorin.s3.eu-central-1.amazonaws.com\/wp-content\/uploads\/2024\/03\/Sk_2-768x995.jpg 768w, https:\/\/wp-kniznicasamorin.s3.eu-central-1.amazonaws.com\/wp-content\/uploads\/2024\/03\/Sk_2.jpg 800w\" sizes=\"auto, (max-width: 791px) 100vw, 791px\" \/><\/a><figcaption class=\"wp-element-caption\">                                             <\/figcaption><\/figure>\n<\/div>\n\n\n<p><strong>\u010co aplik\u00e1cia pon\u00faka?<\/strong><\/p>\n\n\n\n<ul class=\"wp-block-list\">\n<li>sl\u00fa\u017ei ako digit\u00e1lny \u010ditate\u013esk\u00fd preukaz<\/li>\n\n\n\n<li>vyh\u013ead\u00e1vanie kn\u00edch v na\u0161om kni\u017eni\u010dnom katal\u00f3gu<\/li>\n\n\n\n<li>sledovanie term\u00ednov, zobrazenie rezerv\u00e1ci\u00ed, pred\u013a\u017eenie v\u00fdpo\u017ei\u010diek<\/li>\n\n\n\n<li>nastavenie upozornen\u00ed ako napr\u00edklad koniec v\u00fdpo\u017ei\u010dky<\/li>\n<\/ul>\n\n\n\n<p><strong>Kto m\u00f4\u017ee aplik\u00e1ciu pou\u017e\u00edva\u0165?<\/strong> <\/p>\n\n\n\n<p>U\u017e zaregistrovan\u00ed \u010ditatelia si m\u00f4\u017eu vytvori\u0165 v aplik\u00e1cii\u00a0vlastn\u00fd profil pomocou svojho \u010ditate\u013esk\u00e9ho preukazu a s prednastaven\u00fdm heslom.<\/p>\n\n\n\n<p><\/p>\n\n\n\n<p><\/p>\n\n\n\n<p><\/p>\n\n\n\n<p><strong>Ako ju pou\u017e\u00edva\u0165?<\/strong><\/p>\n\n\n\n<ul class=\"wp-block-list\">\n<li>Po stiahnut\u00ed aplik\u00e1cie m\u00f4\u017eete prida\u0165 svoj \u010ditate\u013esk\u00fd preukaz kliknut\u00edm na tla\u010didlo &#8220;+&#8221; na \u00favodnej str\u00e1nke.&nbsp;<\/li>\n\n\n\n<li>Na\u0161u kni\u017enicu n\u00e1jdete pod n\u00e1zvom Zalabai Zsigmond V\u00e1rosi K\u00f6nyvt\u00e1r.&nbsp;<\/li>\n\n\n\n<li>Do riadku s identifik\u00e1ciou zadajte svoje \u010d\u00edslo existuj\u00faceho \u010ditate\u013esk\u00e9ho preukazu a prednastaven\u00e9 heslo; svoj d\u00e1tum narodenia v tvare (RRRRMMDD).&nbsp;<\/li>\n\n\n\n<li>S prijat\u00edm vyhl\u00e1senia o ochrane osobn\u00fdch \u00fadajov a kliknut\u00edm na tla\u010didlo pridania \u010ditate\u013esk\u00e9ho preukazu sa na\u010d\u00edta V\u00e1\u0161 vlastn\u00fd kni\u017eni\u010dn\u00fd profil. Kliknut\u00edm na \u010ditate\u013esk\u00fd preukaz n\u00e1jdete podrobn\u00e9 inform\u00e1cie o Va\u0161ich v\u00fdpo\u017ei\u010dk\u00e1ch, m\u00f4\u017eete nastavi\u0165 pripomienky na sledovanie term\u00ednov v\u00fdpo\u017ei\u010dky.<\/li>\n<\/ul>\n\n\n\n<p>V pr\u00edpade ot\u00e1zok pros\u00edm, kontaktujte na\u0161u kni\u017enicu!&nbsp;<\/p>\n\n\n\n<p>S rados\u0165ou prijmeme aj Va\u0161e pripomienky t\u00fdkaj\u00face sa pou\u017e\u00edvania aplik\u00e1cie.<\/p>\n\n\n\n<h2 class=\"wp-block-heading\"><\/h2>\n\n\n\n<p><\/p>\n","protected":false},"excerpt":{"rendered":"<p>Va\u0161e kni\u017eni\u010dn\u00e9 z\u00e1le\u017eitosti m\u00f4\u017eete vybavi\u0165 pomocou mobilnej aplik\u00e1cie &#8216;Qulto eCard&#8217;. Sta\u010d\u00ed len stiahnu\u0165 aplik\u00e1ciu s n\u00e1zvom &#8216;Qulto eCard&#8217; z Google Play alebo iOS AppStore. \u010co aplik\u00e1cia pon\u00faka? Kto m\u00f4\u017ee aplik\u00e1ciu pou\u017e\u00edva\u0165? U\u017e zaregistrovan\u00ed \u010ditatelia si m\u00f4\u017eu vytvori\u0165 v aplik\u00e1cii\u00a0vlastn\u00fd profil pomocou svojho \u010ditate\u013esk\u00e9ho preukazu a s prednastaven\u00fdm heslom. Ako ju pou\u017e\u00edva\u0165? V pr\u00edpade ot\u00e1zok pros\u00edm,&#8230; <\/p>\n<div class=\"clear\"><\/div>\n<p><a href=\"https:\/\/kniznicasamorin.sk\/sk\/digitalny-preukaz\/\" class=\"excerpt-read-more newsstand-button\">\u010c\u00edtaj viac<\/a><\/p>\n","protected":false},"author":107,"featured_media":0,"parent":0,"menu_order":0,"comment_status":"closed","ping_status":"closed","template":"","meta":{"_acf_changed":false,"footnotes":""},"class_list":["post-31413","page","type-page","status-publish","hentry"],"acf":[],"_links":{"self":[{"href":"https:\/\/kniznicasamorin.sk\/sk\/wp-json\/wp\/v2\/pages\/31413","targetHints":{"allow":["GET"]}}],"collection":[{"href":"https:\/\/kniznicasamorin.sk\/sk\/wp-json\/wp\/v2\/pages"}],"about":[{"href":"https:\/\/kniznicasamorin.sk\/sk\/wp-json\/wp\/v2\/types\/page"}],"author":[{"embeddable":true,"href":"https:\/\/kniznicasamorin.sk\/sk\/wp-json\/wp\/v2\/users\/107"}],"replies":[{"embeddable":true,"href":"https:\/\/kniznicasamorin.sk\/sk\/wp-json\/wp\/v2\/comments?post=31413"}],"version-history":[{"count":9,"href":"https:\/\/kniznicasamorin.sk\/sk\/wp-json\/wp\/v2\/pages\/31413\/revisions"}],"predecessor-version":[{"id":33012,"href":"https:\/\/kniznicasamorin.sk\/sk\/wp-json\/wp\/v2\/pages\/31413\/revisions\/33012"}],"wp:attachment":[{"href":"https:\/\/kniznicasamorin.sk\/sk\/wp-json\/wp\/v2\/media?parent=31413"}],"curies":[{"name":"wp","href":"https:\/\/api.w.org\/{rel}","templated":true}]}}