{"id":29236,"date":"2022-01-20T11:11:14","date_gmt":"2022-01-20T10:11:14","guid":{"rendered":"https:\/\/kniznicasamorin.sk\/?page_id=29236"},"modified":"2022-03-21T14:06:07","modified_gmt":"2022-03-21T13:06:07","slug":"knizna-budka","status":"publish","type":"page","link":"https:\/\/kniznicasamorin.sk\/sk\/knizna-budka\/","title":{"rendered":"Kni\u017en\u00e1 b\u00fadka"},"content":{"rendered":"\n<figure class=\"wp-block-gallery has-nested-images columns-default is-cropped wp-block-gallery-1 is-layout-flex wp-block-gallery-is-layout-flex\">\n<figure class=\"wp-block-image size-large\"><a href=\"https:\/\/wp-kniznicasamorin.s3.eu-central-1.amazonaws.com\/wp-content\/uploads\/2022\/03\/IMG_20220321_113445-scaled.jpg\"><img loading=\"lazy\" decoding=\"async\" width=\"1920\" height=\"2560\" data-id=\"29382\" src=\"https:\/\/wp-kniznicasamorin.s3.eu-central-1.amazonaws.com\/wp-content\/uploads\/2022\/03\/IMG_20220321_113445-scaled.jpg\" alt=\"\" class=\"wp-image-29382\" srcset=\"https:\/\/wp-kniznicasamorin.s3.eu-central-1.amazonaws.com\/wp-content\/uploads\/2022\/03\/IMG_20220321_113445-scaled.jpg 1920w, https:\/\/wp-kniznicasamorin.s3.eu-central-1.amazonaws.com\/wp-content\/uploads\/2022\/03\/IMG_20220321_113445-225x300.jpg 225w, https:\/\/wp-kniznicasamorin.s3.eu-central-1.amazonaws.com\/wp-content\/uploads\/2022\/03\/IMG_20220321_113445-768x1024.jpg 768w, https:\/\/wp-kniznicasamorin.s3.eu-central-1.amazonaws.com\/wp-content\/uploads\/2022\/03\/IMG_20220321_113445-1152x1536.jpg 1152w, https:\/\/wp-kniznicasamorin.s3.eu-central-1.amazonaws.com\/wp-content\/uploads\/2022\/03\/IMG_20220321_113445-1536x2048.jpg 1536w\" sizes=\"auto, (max-width: 1920px) 100vw, 1920px\" \/><\/a><\/figure>\n\n\n\n<figure class=\"wp-block-image size-large\"><a href=\"https:\/\/wp-kniznicasamorin.s3.eu-central-1.amazonaws.com\/wp-content\/uploads\/2022\/03\/IMG_20220321_113726-scaled.jpg\"><img loading=\"lazy\" decoding=\"async\" width=\"1920\" height=\"2560\" data-id=\"29385\" src=\"https:\/\/wp-kniznicasamorin.s3.eu-central-1.amazonaws.com\/wp-content\/uploads\/2022\/03\/IMG_20220321_113726-scaled.jpg\" alt=\"\" class=\"wp-image-29385\" srcset=\"https:\/\/wp-kniznicasamorin.s3.eu-central-1.amazonaws.com\/wp-content\/uploads\/2022\/03\/IMG_20220321_113726-scaled.jpg 1920w, https:\/\/wp-kniznicasamorin.s3.eu-central-1.amazonaws.com\/wp-content\/uploads\/2022\/03\/IMG_20220321_113726-225x300.jpg 225w, https:\/\/wp-kniznicasamorin.s3.eu-central-1.amazonaws.com\/wp-content\/uploads\/2022\/03\/IMG_20220321_113726-768x1024.jpg 768w, https:\/\/wp-kniznicasamorin.s3.eu-central-1.amazonaws.com\/wp-content\/uploads\/2022\/03\/IMG_20220321_113726-1152x1536.jpg 1152w, https:\/\/wp-kniznicasamorin.s3.eu-central-1.amazonaws.com\/wp-content\/uploads\/2022\/03\/IMG_20220321_113726-1536x2048.jpg 1536w\" sizes=\"auto, (max-width: 1920px) 100vw, 1920px\" \/><\/a><\/figure>\n\n\n\n<figure class=\"wp-block-image size-large\"><a href=\"https:\/\/wp-kniznicasamorin.s3.eu-central-1.amazonaws.com\/wp-content\/uploads\/2022\/03\/IMG_20220321_114333-scaled.jpg\"><img loading=\"lazy\" decoding=\"async\" width=\"1920\" height=\"2560\" data-id=\"29388\" src=\"https:\/\/wp-kniznicasamorin.s3.eu-central-1.amazonaws.com\/wp-content\/uploads\/2022\/03\/IMG_20220321_114333-scaled.jpg\" alt=\"\" class=\"wp-image-29388\" srcset=\"https:\/\/wp-kniznicasamorin.s3.eu-central-1.amazonaws.com\/wp-content\/uploads\/2022\/03\/IMG_20220321_114333-scaled.jpg 1920w, https:\/\/wp-kniznicasamorin.s3.eu-central-1.amazonaws.com\/wp-content\/uploads\/2022\/03\/IMG_20220321_114333-225x300.jpg 225w, https:\/\/wp-kniznicasamorin.s3.eu-central-1.amazonaws.com\/wp-content\/uploads\/2022\/03\/IMG_20220321_114333-768x1024.jpg 768w, https:\/\/wp-kniznicasamorin.s3.eu-central-1.amazonaws.com\/wp-content\/uploads\/2022\/03\/IMG_20220321_114333-1152x1536.jpg 1152w, https:\/\/wp-kniznicasamorin.s3.eu-central-1.amazonaws.com\/wp-content\/uploads\/2022\/03\/IMG_20220321_114333-1536x2048.jpg 1536w\" sizes=\"auto, (max-width: 1920px) 100vw, 1920px\" \/><\/a><\/figure>\n\n\n\n<figure class=\"wp-block-image size-large\"><a href=\"https:\/\/wp-kniznicasamorin.s3.eu-central-1.amazonaws.com\/wp-content\/uploads\/2022\/03\/IMG_20220321_114415-scaled.jpg\"><img loading=\"lazy\" decoding=\"async\" width=\"1920\" height=\"2560\" data-id=\"29391\" src=\"https:\/\/wp-kniznicasamorin.s3.eu-central-1.amazonaws.com\/wp-content\/uploads\/2022\/03\/IMG_20220321_114415-scaled.jpg\" alt=\"\" class=\"wp-image-29391\" srcset=\"https:\/\/wp-kniznicasamorin.s3.eu-central-1.amazonaws.com\/wp-content\/uploads\/2022\/03\/IMG_20220321_114415-scaled.jpg 1920w, https:\/\/wp-kniznicasamorin.s3.eu-central-1.amazonaws.com\/wp-content\/uploads\/2022\/03\/IMG_20220321_114415-225x300.jpg 225w, https:\/\/wp-kniznicasamorin.s3.eu-central-1.amazonaws.com\/wp-content\/uploads\/2022\/03\/IMG_20220321_114415-768x1024.jpg 768w, https:\/\/wp-kniznicasamorin.s3.eu-central-1.amazonaws.com\/wp-content\/uploads\/2022\/03\/IMG_20220321_114415-1152x1536.jpg 1152w, https:\/\/wp-kniznicasamorin.s3.eu-central-1.amazonaws.com\/wp-content\/uploads\/2022\/03\/IMG_20220321_114415-1536x2048.jpg 1536w\" sizes=\"auto, (max-width: 1920px) 100vw, 1920px\" \/><\/a><\/figure>\n\n\n\n<figure class=\"wp-block-image size-large\"><a href=\"https:\/\/wp-kniznicasamorin.s3.eu-central-1.amazonaws.com\/wp-content\/uploads\/2022\/03\/IMG_20220321_114511-scaled.jpg\"><img loading=\"lazy\" decoding=\"async\" width=\"1920\" height=\"2560\" data-id=\"29394\" src=\"https:\/\/wp-kniznicasamorin.s3.eu-central-1.amazonaws.com\/wp-content\/uploads\/2022\/03\/IMG_20220321_114511-scaled.jpg\" alt=\"\" class=\"wp-image-29394\" srcset=\"https:\/\/wp-kniznicasamorin.s3.eu-central-1.amazonaws.com\/wp-content\/uploads\/2022\/03\/IMG_20220321_114511-scaled.jpg 1920w, https:\/\/wp-kniznicasamorin.s3.eu-central-1.amazonaws.com\/wp-content\/uploads\/2022\/03\/IMG_20220321_114511-225x300.jpg 225w, https:\/\/wp-kniznicasamorin.s3.eu-central-1.amazonaws.com\/wp-content\/uploads\/2022\/03\/IMG_20220321_114511-768x1024.jpg 768w, https:\/\/wp-kniznicasamorin.s3.eu-central-1.amazonaws.com\/wp-content\/uploads\/2022\/03\/IMG_20220321_114511-1152x1536.jpg 1152w, https:\/\/wp-kniznicasamorin.s3.eu-central-1.amazonaws.com\/wp-content\/uploads\/2022\/03\/IMG_20220321_114511-1536x2048.jpg 1536w\" sizes=\"auto, (max-width: 1920px) 100vw, 1920px\" \/><\/a><\/figure>\n<\/figure>\n\n\n\n<p>Star\u00e9 knihy maj\u00fa r\u00f4zne osudy \u2013 kon\u010dia na kni\u017en\u00fdch burz\u00e1ch, v zbere papiera, alebo&nbsp; v kni\u017enej b\u00fadke, kde si ich m\u00f4\u017eete po\u017ei\u010da\u0165.&nbsp;&nbsp;<\/p>\n\n\n\n<p>Na\u0161a kni\u017enica v \u0160amor\u00edne sa rozhodla osadi\u0165 dve kni\u017en\u00e9 b\u00fadky na \u00fazem\u00ed mesta.&nbsp;<\/p>\n\n\n\n<p>Osaden\u00e9 s\u00fa na Hlavnom n\u00e1mest\u00ed v parku a pred Mestsk\u00fdm kult\u00farnym strediskom na N\u00e1mest\u00ed sv\u00e4t\u00e9ho\u00a0\u0160tefana, kde okolit\u00e9 miesto pon\u00faka mo\u017enosti na komfortn\u00e9 posedenie si pri pr\u00edjemnom kni\u017enom pr\u00edbehu.<\/p>\n\n\n\n<p><\/p>\n\n\n\n<p>Nov\u00e9 dom\u010deky pre kni\u017eky maj\u00fa&nbsp; presklen\u00e9 dvierka a ich s\u00fa\u010das\u0165ou je tabu\u013eka s inform\u00e1ciami, ako ich spr\u00e1vne pou\u017e\u00edva\u0165.<\/p>\n\n\n\n<p>&nbsp;Prvotn\u00fd v\u00fdber kn\u00edh do b\u00fadok&nbsp; sme uskuto\u010dnili z vlastn\u00fdch zdrojov.<\/p>\n\n\n\n<p><\/p>\n\n\n\n<p>Na \u010do sl\u00fa\u017ei? Plat\u00ed tu len jedin\u00e1 z\u00e1sada:<\/p>\n\n\n\n<figure class=\"wp-block-pullquote\"><blockquote><p>Vezmi si knihu, po pre\u010d\u00edtan\u00ed<br>vr\u00e1\u0165 alebo vyme\u0148 za in\u00fa.<\/p><\/blockquote><\/figure>\n\n\n\n<p><\/p>\n\n\n\n<p>Zoberte si knihu z b\u00fadky, sadnite si na lavi\u010dku a&nbsp; \u010d\u00edtajte. Ak sa v\u00e1m kniha zap\u00e1\u010di, vezmite si ju domov a do\u010d\u00edtajte, nesk\u00f4r ju vr\u00e1\u0165te alebo prineste in\u00fa. <\/p>\n\n\n\n<p><\/p>\n\n\n\n<p>Ka\u017ed\u00e9 po\u017ei\u010danie \u010di v\u00fdmena je bez ak\u00e9hoko\u013evek poplatku.<\/p>\n\n\n\n<p>Radi by&nbsp; sme touto formou pribl\u00ed\u017eili \u010d\u00edtanie aj t\u00fdm, ktor\u00ed kni\u017enicu st\u00e1le obch\u00e1dzaj\u00fa a neodhalili e\u0161te v\u0161etky jej v\u00fdhody a slu\u017eby.<\/p>\n\n\n\n<p><\/p>\n\n\n\n<p>Upozor\u0148ujeme, \u017ee kni\u017en\u00e1 b\u00fadka NESL\u00da\u017dI&nbsp; na vr\u00e1tenie kn\u00edh z n\u00e1\u0161ho fondu!<\/p>\n\n\n\n<p><\/p>\n\n\n\n<p>Ak chcete aj vy darova\u0165 knihy, men\u0161\u00ed po\u010det kn\u00edh m\u00f4\u017eete vlo\u017ei\u0165 priamo do b\u00fadky. Pre darovanie v\u00e4\u010d\u0161ieho mno\u017estva kn\u00edh pros\u00edm kontaktujte na\u0161u kni\u017enicu.<\/p>\n\n\n\n<p><\/p>\n\n\n\n<p>Kni\u017en\u00e9 b\u00fadky n\u00e1m vyrobili v r\u00e1mci popul\u00e1rneho projektu \u201c<a href=\"https:\/\/www.facebook.com\/dakujemsused\">\u010eakujem, sused<\/a>\u201c.&nbsp;<\/p>\n\n\n\n<p>Obzvl\u00e1\u0161\u0165 patr\u00ed ve\u013ek\u00e1 v\u010faka grafikovi a maliarovi Tiborovi Juh\u00e1szovi, ktor\u00fd vytvoril grafick\u00fd n\u00e1vrh&nbsp; kni\u017en\u00fdch b\u00fadok.<\/p>\n\n\n\n<p><\/p>\n","protected":false},"excerpt":{"rendered":"<p>Star\u00e9 knihy maj\u00fa r\u00f4zne osudy \u2013 kon\u010dia na kni\u017en\u00fdch burz\u00e1ch, v zbere papiera, alebo&nbsp; v kni\u017enej b\u00fadke, kde si ich m\u00f4\u017eete po\u017ei\u010da\u0165.&nbsp;&nbsp; Na\u0161a kni\u017enica v \u0160amor\u00edne sa rozhodla osadi\u0165 dve kni\u017en\u00e9 b\u00fadky na \u00fazem\u00ed mesta.&nbsp; Osaden\u00e9 s\u00fa na Hlavnom n\u00e1mest\u00ed v parku a pred Mestsk\u00fdm kult\u00farnym strediskom na N\u00e1mest\u00ed sv\u00e4t\u00e9ho\u00a0\u0160tefana, kde okolit\u00e9 miesto pon\u00faka mo\u017enosti&#8230; <\/p>\n<div class=\"clear\"><\/div>\n<p><a href=\"https:\/\/kniznicasamorin.sk\/sk\/knizna-budka\/\" class=\"excerpt-read-more newsstand-button\">\u010c\u00edtaj viac<\/a><\/p>\n","protected":false},"author":107,"featured_media":0,"parent":0,"menu_order":0,"comment_status":"closed","ping_status":"closed","template":"","meta":{"_acf_changed":false,"footnotes":""},"class_list":["post-29236","page","type-page","status-publish","hentry"],"acf":[],"_links":{"self":[{"href":"https:\/\/kniznicasamorin.sk\/sk\/wp-json\/wp\/v2\/pages\/29236","targetHints":{"allow":["GET"]}}],"collection":[{"href":"https:\/\/kniznicasamorin.sk\/sk\/wp-json\/wp\/v2\/pages"}],"about":[{"href":"https:\/\/kniznicasamorin.sk\/sk\/wp-json\/wp\/v2\/types\/page"}],"author":[{"embeddable":true,"href":"https:\/\/kniznicasamorin.sk\/sk\/wp-json\/wp\/v2\/users\/107"}],"replies":[{"embeddable":true,"href":"https:\/\/kniznicasamorin.sk\/sk\/wp-json\/wp\/v2\/comments?post=29236"}],"version-history":[{"count":7,"href":"https:\/\/kniznicasamorin.sk\/sk\/wp-json\/wp\/v2\/pages\/29236\/revisions"}],"predecessor-version":[{"id":29404,"href":"https:\/\/kniznicasamorin.sk\/sk\/wp-json\/wp\/v2\/pages\/29236\/revisions\/29404"}],"wp:attachment":[{"href":"https:\/\/kniznicasamorin.sk\/sk\/wp-json\/wp\/v2\/media?parent=29236"}],"curies":[{"name":"wp","href":"https:\/\/api.w.org\/{rel}","templated":true}]}}