{"id":24880,"date":"2019-06-04T10:03:52","date_gmt":"2019-06-04T08:03:52","guid":{"rendered":"https:\/\/kniznicasamorin.sk\/?page_id=24880"},"modified":"2024-02-26T15:40:36","modified_gmt":"2024-02-26T14:40:36","slug":"kniznicny-a-vypozicny-poriadok","status":"publish","type":"page","link":"https:\/\/kniznicasamorin.sk\/sk\/kniznicny-a-vypozicny-poriadok\/","title":{"rendered":"Kni\u017eni\u010dn\u00fd a v\u00fdpo\u017ei\u010dn\u00fd poriadok"},"content":{"rendered":"\n<figure class=\"wp-block-image size-large\"><a href=\"https:\/\/wp-kniznicasamorin.s3.eu-central-1.amazonaws.com\/wp-content\/uploads\/2024\/02\/2024_vypozicny-poriadok.jpg\"><img loading=\"lazy\" decoding=\"async\" width=\"724\" height=\"1024\" src=\"https:\/\/wp-kniznicasamorin.s3.eu-central-1.amazonaws.com\/wp-content\/uploads\/2024\/02\/2024_vypozicny-poriadok-724x1024.jpg\" alt=\"\" class=\"wp-image-31381\" srcset=\"https:\/\/wp-kniznicasamorin.s3.eu-central-1.amazonaws.com\/wp-content\/uploads\/2024\/02\/2024_vypozicny-poriadok-724x1024.jpg 724w, https:\/\/wp-kniznicasamorin.s3.eu-central-1.amazonaws.com\/wp-content\/uploads\/2024\/02\/2024_vypozicny-poriadok-212x300.jpg 212w, https:\/\/wp-kniznicasamorin.s3.eu-central-1.amazonaws.com\/wp-content\/uploads\/2024\/02\/2024_vypozicny-poriadok-768x1086.jpg 768w, https:\/\/wp-kniznicasamorin.s3.eu-central-1.amazonaws.com\/wp-content\/uploads\/2024\/02\/2024_vypozicny-poriadok-1086x1536.jpg 1086w, https:\/\/wp-kniznicasamorin.s3.eu-central-1.amazonaws.com\/wp-content\/uploads\/2024\/02\/2024_vypozicny-poriadok-1448x2048.jpg 1448w, https:\/\/wp-kniznicasamorin.s3.eu-central-1.amazonaws.com\/wp-content\/uploads\/2024\/02\/2024_vypozicny-poriadok.jpg 1654w\" sizes=\"auto, (max-width: 724px) 100vw, 724px\" \/><\/a><\/figure>\n","protected":false},"excerpt":{"rendered":"","protected":false},"author":1,"featured_media":0,"parent":0,"menu_order":0,"comment_status":"closed","ping_status":"closed","template":"","meta":{"_acf_changed":false,"footnotes":""},"class_list":["post-24880","page","type-page","status-publish","hentry"],"acf":[],"_links":{"self":[{"href":"https:\/\/kniznicasamorin.sk\/sk\/wp-json\/wp\/v2\/pages\/24880","targetHints":{"allow":["GET"]}}],"collection":[{"href":"https:\/\/kniznicasamorin.sk\/sk\/wp-json\/wp\/v2\/pages"}],"about":[{"href":"https:\/\/kniznicasamorin.sk\/sk\/wp-json\/wp\/v2\/types\/page"}],"author":[{"embeddable":true,"href":"https:\/\/kniznicasamorin.sk\/sk\/wp-json\/wp\/v2\/users\/1"}],"replies":[{"embeddable":true,"href":"https:\/\/kniznicasamorin.sk\/sk\/wp-json\/wp\/v2\/comments?post=24880"}],"version-history":[{"count":6,"href":"https:\/\/kniznicasamorin.sk\/sk\/wp-json\/wp\/v2\/pages\/24880\/revisions"}],"predecessor-version":[{"id":31385,"href":"https:\/\/kniznicasamorin.sk\/sk\/wp-json\/wp\/v2\/pages\/24880\/revisions\/31385"}],"wp:attachment":[{"href":"https:\/\/kniznicasamorin.sk\/sk\/wp-json\/wp\/v2\/media?parent=24880"}],"curies":[{"name":"wp","href":"https:\/\/api.w.org\/{rel}","templated":true}]}}