{"id":20296,"date":"2014-02-18T14:57:44","date_gmt":"2014-02-18T13:57:44","guid":{"rendered":"https:\/\/kniznicasamorin.sk\/?page_id=20296"},"modified":"2025-02-05T11:20:59","modified_gmt":"2025-02-05T10:20:59","slug":"kontakt-2","status":"publish","type":"page","link":"https:\/\/kniznicasamorin.sk\/sk\/kontakt-2\/","title":{"rendered":"Kontakt"},"content":{"rendered":"<div class=\"wp-block-image\">\n<figure class=\"aligncenter size-medium\"><img decoding=\"async\" src=\"https:\/\/wp-kniznicasamorin.s3.eu-central-1.amazonaws.com\/wp-content\/uploads\/2014\/02\/K%C3%B6nyvt%C3%A1r-logo-e1392726119914-196x300.jpg\" alt=\"\" class=\"wp-image-20281\"\/><\/figure>\n<\/div>\n\n<p>Zalabai Zsigmond V\u00e1rosi K\u00f6nyvt\u00e1r<\/p>\n\n\n<p><br \/>\nParkov\u00e1 ulica 4.<br \/>\n931 01 \u0160amor\u00edn<br \/>\nSlovensko | Slovak Republic<br \/>\nTel.: +421908400420<br \/>\nE-mail: kniznicasamorin@gmail.com<br \/>\nWEB: www.knizicasamorin.sk<br \/>\n<\/p>\n\n\n\n<p><a href=\"https:\/\/www.google.com\/local\/place\/fid\/0x476c7e365c0bc81b:0xd4bce765cbb6c782\/photosphere?iu=https:\/\/streetviewpixels-pa.googleapis.com\/v1\/thumbnail?panoid%3DWXIsLO3xD0Qzd8Mb4gxvng%26cb_client%3Dsearch.gws-prod.gps%26yaw%3D97.1956%26pitch%3D0%26thumbfov%3D100%26w%3D0%26h%3D0&amp;ik=CAISFldYSXNMTzN4RDBRemQ4TWI0Z3h2bmc%3D&amp;sa=X&amp;ved=2ahUKEwj-s_DcpayLAxWs2wIHHT8jGU0Qpx96BAg7EAU&amp;authuser=1\" data-type=\"link\" data-id=\"https:\/\/www.google.com\/local\/place\/fid\/0x476c7e365c0bc81b:0xd4bce765cbb6c782\/photosphere?iu=https:\/\/streetviewpixels-pa.googleapis.com\/v1\/thumbnail?panoid%3DWXIsLO3xD0Qzd8Mb4gxvng%26cb_client%3Dsearch.gws-prod.gps%26yaw%3D97.1956%26pitch%3D0%26thumbfov%3D100%26w%3D0%26h%3D0&amp;ik=CAISFldYSXNMTzN4RDBRemQ4TWI0Z3h2bmc%3D&amp;sa=X&amp;ved=2ahUKEwj-s_DcpayLAxWs2wIHHT8jGU0Qpx96BAg7EAU&amp;authuser=1\">https:\/\/www.google.com\/local\/place\/fid\/0x476c7e365c0bc81b:0xd4bce765cbb6c782\/photosphere?iu=https:\/\/streetviewpixels-pa.googleapis.com\/v1\/thumbnail?panoid%3DWXIsLO3xD0Qzd8Mb4gxvng%26cb_client%3Dsearch.gws-prod.gps%26yaw%3D97.1956%26pitch%3D0%26thumbfov%3D100%26w%3D0%26h%3D0&amp;ik=CAISFldYSXNMTzN4RDBRemQ4TWI0Z3h2bmc%3D&amp;sa=X&amp;ved=2ahUKEwj-s_DcpayLAxWs2wIHHT8jGU0Qpx96BAg7EAU&amp;authuser=1<\/a><\/p>\n\n\n\n<p><\/p>\n\n\n\n<div class=\"wpcf7 no-js\" id=\"wpcf7-f25686-o1\" lang=\"en-US\" dir=\"ltr\" data-wpcf7-id=\"25686\">\n<div class=\"screen-reader-response\"><p role=\"status\" aria-live=\"polite\" aria-atomic=\"true\"><\/p> <ul><\/ul><\/div>\n<form action=\"\/sk\/wp-json\/wp\/v2\/pages\/20296#wpcf7-f25686-o1\" method=\"post\" class=\"wpcf7-form init\" aria-label=\"Contact form\" novalidate=\"novalidate\" data-status=\"init\">\n<fieldset class=\"hidden-fields-container\"><input type=\"hidden\" name=\"_wpcf7\" value=\"25686\" \/><input type=\"hidden\" name=\"_wpcf7_version\" value=\"6.1.5\" \/><input type=\"hidden\" name=\"_wpcf7_locale\" value=\"en_US\" \/><input type=\"hidden\" name=\"_wpcf7_unit_tag\" value=\"wpcf7-f25686-o1\" \/><input type=\"hidden\" name=\"_wpcf7_container_post\" value=\"0\" \/><input type=\"hidden\" name=\"_wpcf7_posted_data_hash\" value=\"\" \/>\n<\/fieldset>\n<p>Meno a priezvisko (povinn\u00e9)\n<\/p>\n<p><span class=\"wpcf7-form-control-wrap\" data-name=\"your-name\"><input size=\"40\" maxlength=\"400\" class=\"wpcf7-form-control wpcf7-text wpcf7-validates-as-required\" aria-required=\"true\" aria-invalid=\"false\" value=\"\" type=\"text\" name=\"your-name\" \/><\/span>\n<\/p>\n<p>E-mailov\u00e1 adresa (povinn\u00e9)\n<\/p>\n<p><span class=\"wpcf7-form-control-wrap\" data-name=\"your-email\"><input size=\"40\" maxlength=\"400\" class=\"wpcf7-form-control wpcf7-email wpcf7-validates-as-required wpcf7-text wpcf7-validates-as-email\" aria-required=\"true\" aria-invalid=\"false\" value=\"\" type=\"email\" name=\"your-email\" \/><\/span>\n<\/p>\n<p>N\u00e1zov\n<\/p>\n<p><span class=\"wpcf7-form-control-wrap\" data-name=\"your-subject\"><input size=\"40\" maxlength=\"400\" class=\"wpcf7-form-control wpcf7-text\" aria-invalid=\"false\" value=\"\" type=\"text\" name=\"your-subject\" \/><\/span>\n<\/p>\n<p>Spr\u00e1va\n<\/p>\n<p><span class=\"wpcf7-form-control-wrap\" data-name=\"your-message\"><textarea cols=\"40\" rows=\"10\" maxlength=\"2000\" class=\"wpcf7-form-control wpcf7-textarea\" aria-invalid=\"false\" name=\"your-message\"><\/textarea><\/span>\n<\/p>\n<p><input class=\"wpcf7-form-control wpcf7-submit has-spinner\" type=\"submit\" value=\"Posla\u0165\" \/>\n<\/p><div class=\"wpcf7-response-output\" aria-hidden=\"true\"><\/div>\n<\/form>\n<\/div>\n\n\n\n\n<p><\/p>\n","protected":false},"excerpt":{"rendered":"","protected":false},"author":107,"featured_media":0,"parent":0,"menu_order":0,"comment_status":"open","ping_status":"open","template":"","meta":{"_acf_changed":false,"footnotes":""},"class_list":["post-20296","page","type-page","status-publish","hentry"],"acf":[],"_links":{"self":[{"href":"https:\/\/kniznicasamorin.sk\/sk\/wp-json\/wp\/v2\/pages\/20296","targetHints":{"allow":["GET"]}}],"collection":[{"href":"https:\/\/kniznicasamorin.sk\/sk\/wp-json\/wp\/v2\/pages"}],"about":[{"href":"https:\/\/kniznicasamorin.sk\/sk\/wp-json\/wp\/v2\/types\/page"}],"author":[{"embeddable":true,"href":"https:\/\/kniznicasamorin.sk\/sk\/wp-json\/wp\/v2\/users\/107"}],"replies":[{"embeddable":true,"href":"https:\/\/kniznicasamorin.sk\/sk\/wp-json\/wp\/v2\/comments?post=20296"}],"version-history":[{"count":9,"href":"https:\/\/kniznicasamorin.sk\/sk\/wp-json\/wp\/v2\/pages\/20296\/revisions"}],"predecessor-version":[{"id":32981,"href":"https:\/\/kniznicasamorin.sk\/sk\/wp-json\/wp\/v2\/pages\/20296\/revisions\/32981"}],"wp:attachment":[{"href":"https:\/\/kniznicasamorin.sk\/sk\/wp-json\/wp\/v2\/media?parent=20296"}],"curies":[{"name":"wp","href":"https:\/\/api.w.org\/{rel}","templated":true}]}}