{"id":20140,"date":"2014-02-13T15:03:37","date_gmt":"2014-02-13T14:03:37","guid":{"rendered":"https:\/\/kniznicasamorin.sk\/?page_id=20140"},"modified":"2024-10-08T10:03:35","modified_gmt":"2024-10-08T08:03:35","slug":"o-nas","status":"publish","type":"page","link":"https:\/\/kniznicasamorin.sk\/sk\/o-nas\/","title":{"rendered":"O n\u00e1s"},"content":{"rendered":"<p><span style=\"color: #ff6600;\">Podmienky \u010dlenstva v kni\u017enici:<\/span><br \/>&#8211; preuk\u00e1zanie osobn\u00fdch \u00fadajov s platn\u00fdm preukazom,<br \/>&#8211; zaplatenie \u010dlensk\u00e9ho pr\u00edspevku &#8211;<strong> 10 \u20ac<\/strong> pre dospel\u00fdch, deti a d\u00f4chodcovia 5<strong> \u20ac<\/strong>,<br \/>&#8211; prijatie a <a href=\"https:\/\/kniznicasamorin.sk\/sk\/kniznicny-a-vypozicny-poriadok\/\">dodr\u017eiavanie pravidiel kni\u017enice<\/a>,<br \/>&#8211; \u010dlenstvo det\u00ed do 14 rokov s (p\u00edsomn\u00fdm) s\u00fahlasom rodi\u010da.<\/p>\n<p><span style=\"color: #ff6600;\">Usporiadanie kni\u017eni\u010dn\u00e9ho fondu:<\/span><br \/>V kni\u017enici je k dispoz\u00edcii 50 000 kni\u017eni\u010dn\u00fdch jednotiek:<br \/>&#8211; detsk\u00e1 literat\u00fara,<br \/>&#8211; kr\u00e1sna literat\u00fara a<br \/>&#8211; n\u00e1u\u010dn\u00e1 literat\u00fara.<\/p>\n<p>V \u010dit\u00e1rni sa nach\u00e1dza <span style=\"color: #ff6600;\">33 r\u00f4znych typov \u010dasopisov<\/span>:<\/p>\n<p><strong><strong>Denn\u00edky<\/strong><\/strong><\/p>\n<p>Hospod\u00e1rske noviny, Nov\u00fd \u010das, Pravda, Sme, \u00daj Sz\u00f3,<\/p>\n<p><strong><strong>\u010casopisy<\/strong><\/strong><\/p>\n<p>B\u00e1je\u010dn\u00e1 \u017eena, Best, Csal\u00e1di Lap, Elix\u00edr, Forr\u00e1s, F\u00f3rum T\u00e1rsadalomtudom\u00e1nyi Szemle, HVG,\u00a0 Infoware, Irodalmi Szemle, Katedra, Kertbar\u00e1t, Kiskegyed,\u00a0 N\u0151k Lapja, PC revue, Pekn\u00e9 B\u00fdvanie, Plus 7 dn\u00ed, Slovenka, Somorja \u00e9s Vid\u00e9ke &#8211; \u0160amor\u00ednske noviny, Story, T\u00fd\u017ede\u0148, Trend, \u00daj N\u0151, Vas\u00e1rnap, Z\u00e1hradk\u00e1r, Zdravie, Zem a vek, \u017ditn\u00fd ostrov &#8211; Csall\u00f3k\u00f6z, \u017divot.<\/p>\n<p><span style=\"color: #ff6600;\">Na\u0161e slu\u017eby:<\/span><br \/>&#8211; V\u00fdpo\u017ei\u010dky<br \/>&#8211; Poskytovanie inform\u00e1ci\u00ed<br \/>&#8211; Rezervovanie kn\u00edh<br \/>&#8211; Medzikni\u017eni\u010dn\u00e1 v\u00fdpo\u017ei\u010dn\u00e1 slu\u017eba<br \/>&#8211; Fotokop\u00edrovanie<br \/>&#8211; Pou\u017e\u00edvanie po\u010d\u00edta\u010dov<br \/>&#8211; Internet \u2013 len na vzdel\u00e1vacie \u00fa\u010dely<\/p>\n<p>PROMO VIDEO<\/p>\n<p><a href=\"https:\/\/www.youtube.com\/watch?v=GqaMFb5gP_U&amp;t=15s\">https:\/\/www.youtube.com\/watch?v=GqaMFb5gP_U&amp;t=15s<\/a><\/p>\n\n\n<figure class=\"wp-block-image size-large\"><img loading=\"lazy\" decoding=\"async\" width=\"301\" height=\"168\" src=\"https:\/\/wp-kniznicasamorin.s3.eu-central-1.amazonaws.com\/wp-content\/uploads\/2020\/05\/index.jpg\" alt=\"\" class=\"wp-image-26677\"\/><\/figure>\n","protected":false},"excerpt":{"rendered":"<p>Podmienky \u010dlenstva v kni\u017enici:&#8211; preuk\u00e1zanie osobn\u00fdch \u00fadajov s platn\u00fdm preukazom,&#8211; zaplatenie \u010dlensk\u00e9ho pr\u00edspevku &#8211; 10 \u20ac pre dospel\u00fdch, deti a d\u00f4chodcovia 5 \u20ac,&#8211; prijatie a dodr\u017eiavanie pravidiel kni\u017enice,&#8211; \u010dlenstvo det\u00ed do 14 rokov s (p\u00edsomn\u00fdm) s\u00fahlasom rodi\u010da. Usporiadanie kni\u017eni\u010dn\u00e9ho fondu:V kni\u017enici je k dispoz\u00edcii 50 000 kni\u017eni\u010dn\u00fdch jednotiek:&#8211; detsk\u00e1 literat\u00fara,&#8211; kr\u00e1sna literat\u00fara a&#8211; n\u00e1u\u010dn\u00e1 literat\u00fara&#8230;. <\/p>\n<div class=\"clear\"><\/div>\n<p><a href=\"https:\/\/kniznicasamorin.sk\/sk\/o-nas\/\" class=\"excerpt-read-more newsstand-button\">\u010c\u00edtaj viac<\/a><\/p>\n","protected":false},"author":1,"featured_media":20243,"parent":0,"menu_order":0,"comment_status":"open","ping_status":"open","template":"","meta":{"_acf_changed":false,"footnotes":""},"class_list":["post-20140","page","type-page","status-publish","has-post-thumbnail","hentry"],"acf":[],"_links":{"self":[{"href":"https:\/\/kniznicasamorin.sk\/sk\/wp-json\/wp\/v2\/pages\/20140","targetHints":{"allow":["GET"]}}],"collection":[{"href":"https:\/\/kniznicasamorin.sk\/sk\/wp-json\/wp\/v2\/pages"}],"about":[{"href":"https:\/\/kniznicasamorin.sk\/sk\/wp-json\/wp\/v2\/types\/page"}],"author":[{"embeddable":true,"href":"https:\/\/kniznicasamorin.sk\/sk\/wp-json\/wp\/v2\/users\/1"}],"replies":[{"embeddable":true,"href":"https:\/\/kniznicasamorin.sk\/sk\/wp-json\/wp\/v2\/comments?post=20140"}],"version-history":[{"count":9,"href":"https:\/\/kniznicasamorin.sk\/sk\/wp-json\/wp\/v2\/pages\/20140\/revisions"}],"predecessor-version":[{"id":32537,"href":"https:\/\/kniznicasamorin.sk\/sk\/wp-json\/wp\/v2\/pages\/20140\/revisions\/32537"}],"wp:featuredmedia":[{"embeddable":true,"href":"https:\/\/kniznicasamorin.sk\/sk\/wp-json\/wp\/v2\/media\/20243"}],"wp:attachment":[{"href":"https:\/\/kniznicasamorin.sk\/sk\/wp-json\/wp\/v2\/media?parent=20140"}],"curies":[{"name":"wp","href":"https:\/\/api.w.org\/{rel}","templated":true}]}}