{"id":20139,"date":"2014-02-13T15:01:51","date_gmt":"2014-02-13T14:01:51","guid":{"rendered":"https:\/\/kniznicasamorin.sk\/?page_id=20139"},"modified":"2023-05-17T15:04:18","modified_gmt":"2023-05-17T13:04:18","slug":"zsigmond-zalabai","status":"publish","type":"page","link":"https:\/\/kniznicasamorin.sk\/sk\/zsigmond-zalabai\/","title":{"rendered":"Zsigmond Zalabai"},"content":{"rendered":"\n<p>Kni\u017enica bola pomenovan\u00e1 v roku 2006 po v\u00fdznamnom liter\u00e1torovi, ktor\u00fd p\u00f4sobil dlh\u00e9 roky v \u0160amor\u00edne.<\/p>\n\n\n\n<div class=\"wp-block-image\"><figure class=\"aligncenter size-large\"><img loading=\"lazy\" decoding=\"async\" width=\"334\" height=\"151\" src=\"https:\/\/wp-kniznicasamorin.s3.eu-central-1.amazonaws.com\/wp-content\/uploads\/2014\/02\/zalabai.jpg\" alt=\"\" class=\"wp-image-20246\" srcset=\"https:\/\/wp-kniznicasamorin.s3.eu-central-1.amazonaws.com\/wp-content\/uploads\/2014\/02\/zalabai.jpg 334w, https:\/\/wp-kniznicasamorin.s3.eu-central-1.amazonaws.com\/wp-content\/uploads\/2014\/02\/zalabai-300x136.jpg 300w\" sizes=\"auto, (max-width: 334px) 100vw, 334px\" \/><figcaption>Zalabai Zsigmond<\/figcaption><\/figure><\/div>\n\n\n\n<h1 class=\"wp-block-heading\"><strong>Zsigmond Zalabai<\/strong><\/h1>\n\n\n\n<p>29. 01. 1948 Pastovce &#8211; \u2020 26. 12. 2003 \u0160amor\u00edn<\/p>\n\n\n\n<p>Kritik, liter\u00e1rny historik, redaktor, vysoko\u0161kolsk\u00fd pedag\u00f3g. Maturoval (1966) v \u0160ah\u00e1ch, diplom profesora anglick\u00e9ho a ma\u010farsk\u00e9ho jazyka z\u00edskal na Filozofickej fakulte Univerzity Komensk\u00e9ho (1972), kde z\u00edskal aj kandidat\u00faru (1988).<\/p>\n\n\n\n<p>Je doktorom Ma\u010farskej akad\u00e9mie vied (1995).<\/p>\n\n\n\n<p>V rokoch 1972 \u2013 1975 je \u0161\u00e9fredaktorom \u010dasopisu Irodalmi Szemle, v rokoch 1975 \u2013 1989 ved\u00facim oddelenia p\u00f4vodnej literat\u00fary Vydavate\u013estva Mad\u00e1ch, od roku 1988 z\u00e1stupcom \u0161\u00e9fredaktora.<\/p>\n\n\n\n<p>Od roku 1988 je odborn\u00fdm asistentom, nesk\u00f4r docentom Katedry ma\u010farsk\u00e9ho jazyka a literat\u00fary na Univerzite Komensk\u00e9ho, v rokoch 1990\u20131992 je ved\u00facim katedry.<\/p>\n\n\n\n<p>Stal sa najv\u00fdraznej\u0161\u00edm kritikom gener\u00e1cie spisovate\u013eov, ktor\u00e1 za\u010d\u00ednala v druhej polovici \u0161es\u0165desiatych rokov. Zaoberal sa aj te\u00f3riou literat\u00fary, \u0161tylistikou a lok\u00e1lnou hist\u00f3riou, redigoval viac liter\u00e1rnych, publicistick\u00fdch antol\u00f3gi\u00ed, v\u00fdberov.<\/p>\n\n\n\n<p>Bol inici\u00e1torom ed\u00edcie \u00daj Mindenes Gy\u0171jtem\u00e9ny (Nov\u00e1 zbierka v\u0161eli\u010doho, poz. aut.)<\/p>\n\n\n\n<p>Zostavil viac publik\u00e1ci\u00ed o Albertovi Moln\u00e1rovi Szenczim, \u201e\u010d\u00edtanku\u201c z b\u00e1sn\u00ed ma\u010farsk\u00fdch autorov via\u017eucich sa k \u010cech\u00e1m pod n\u00e1zvom Verses magyar Boh\u00e9mia (Ma\u010farsk\u00e1 b\u00e1snick\u00e1 Boh\u00e9mia, poz. aut.) (2001).<\/p>\n\n\n\n<p>Bol spoluzakladate\u013eom \u0161amor\u00ednskeho arch\u00edvu Bibliotheca Hungarica. Jeho kari\u00e9ra sa v dev\u00e4\u0165desiatych rokoch podlomila.<\/p>\n\n\n\n<p><strong>Ocenenia<\/strong>:<\/p>\n\n\n\n<p>Mad\u00e1ch-d\u00edj (cena Mad\u00e1cha, poz. aut.) (1981, 1990), cena Slovensk\u00e9ho zv\u00e4zu spisovate\u013eov (1996); M\u00e1rton \u00c1ron Eml\u00e9k\u00e9rem (Pam\u00e4tn\u00e1 plaketa \u00c1rona M\u00e1rtona, poz. aut.) (1999).<\/p>\n\n\n\n<p><strong>Najv\u00fdznamnej\u0161ie diela<\/strong>:<br>A vers t\u00faloldal\u00e1n (Na druhej strane b\u00e1sne, \u0161t\u00fadia, poz. aut.) 1974;<\/p>\n\n\n\n<p>M\u00e9rlegpr\u00f3pa (Sk\u00fa\u0161ka bilancie, \u0161t\u00fadia, poz. aut.) 1975;<\/p>\n\n\n\n<p>T\u0171n\u0151d\u00e9s a tr\u00f3pusokon (Dumanie v tr\u00f3poch, monografia, poz. aut.) 1981;<\/p>\n\n\n\n<p>Mindenekr\u0151l sz\u00e1mot adok (So v\u0161etk\u00fdm z\u00fa\u010dtujem, Pastovce, mon. 1. \u010das\u0165, poz. aut.) 1984;<\/p>\n\n\n\n<p>Hazah\u00edv a harangsz\u00f3 (Volaj\u00fa ma domov zvony, Pastovce, mon. 2. \u010das\u0165, poz. aut.) 1985;<\/p>\n\n\n\n<p>Verst\u00f6rt\u00e9n\u00e9s (Pr\u00edhoda b\u00e1sne, \u0161t\u00fadia, poz. aut.) 1995;<\/p>\n\n\n\n<p>V\u00edz, v\u00edz, v\u00edz&#8230; (Voda, voda, voda&#8230;publik\u00e1cia s Lajosom Presinszkym, poz. aut.)1995;<\/p>\n\n\n\n<p>Irodalom \u00e9s iroda-lom (Literat\u00fara a zbyto\u010dn\u00e1 litera, \u0161t\u00fadia, poz. aut.) 2001;<\/p>\n\n\n\n<p><strong>Literat\u00fara<\/strong>: Filep Tam\u00e1s Guszt\u00e1v: Zalabai Zsigmond (mon.) 1998, 2004.<\/p>\n","protected":false},"excerpt":{"rendered":"<p>Kni\u017enica bola pomenovan\u00e1 v roku 2006 po v\u00fdznamnom liter\u00e1torovi, ktor\u00fd p\u00f4sobil dlh\u00e9 roky v \u0160amor\u00edne. Zsigmond Zalabai 29. 01. 1948 Pastovce &#8211; \u2020 26. 12. 2003 \u0160amor\u00edn Kritik, liter\u00e1rny historik, redaktor, vysoko\u0161kolsk\u00fd pedag\u00f3g. Maturoval (1966) v \u0160ah\u00e1ch, diplom profesora anglick\u00e9ho a ma\u010farsk\u00e9ho jazyka z\u00edskal na Filozofickej fakulte Univerzity Komensk\u00e9ho (1972), kde z\u00edskal aj kandidat\u00faru (1988)&#8230;. <\/p>\n<div class=\"clear\"><\/div>\n<p><a href=\"https:\/\/kniznicasamorin.sk\/sk\/zsigmond-zalabai\/\" class=\"excerpt-read-more newsstand-button\">\u010c\u00edtaj viac<\/a><\/p>\n","protected":false},"author":1,"featured_media":0,"parent":0,"menu_order":0,"comment_status":"open","ping_status":"open","template":"","meta":{"_acf_changed":false,"footnotes":""},"class_list":["post-20139","page","type-page","status-publish","hentry"],"acf":[],"_links":{"self":[{"href":"https:\/\/kniznicasamorin.sk\/sk\/wp-json\/wp\/v2\/pages\/20139","targetHints":{"allow":["GET"]}}],"collection":[{"href":"https:\/\/kniznicasamorin.sk\/sk\/wp-json\/wp\/v2\/pages"}],"about":[{"href":"https:\/\/kniznicasamorin.sk\/sk\/wp-json\/wp\/v2\/types\/page"}],"author":[{"embeddable":true,"href":"https:\/\/kniznicasamorin.sk\/sk\/wp-json\/wp\/v2\/users\/1"}],"replies":[{"embeddable":true,"href":"https:\/\/kniznicasamorin.sk\/sk\/wp-json\/wp\/v2\/comments?post=20139"}],"version-history":[{"count":3,"href":"https:\/\/kniznicasamorin.sk\/sk\/wp-json\/wp\/v2\/pages\/20139\/revisions"}],"predecessor-version":[{"id":25856,"href":"https:\/\/kniznicasamorin.sk\/sk\/wp-json\/wp\/v2\/pages\/20139\/revisions\/25856"}],"wp:attachment":[{"href":"https:\/\/kniznicasamorin.sk\/sk\/wp-json\/wp\/v2\/media?parent=20139"}],"curies":[{"name":"wp","href":"https:\/\/api.w.org\/{rel}","templated":true}]}}