{"id":20138,"date":"2014-02-13T15:01:17","date_gmt":"2014-02-13T14:01:17","guid":{"rendered":"https:\/\/kniznicasamorin.sk\/?page_id=20138"},"modified":"2020-03-04T09:46:52","modified_gmt":"2020-03-04T08:46:52","slug":"historia-kniznice","status":"publish","type":"page","link":"https:\/\/kniznicasamorin.sk\/sk\/historia-kniznice\/","title":{"rendered":"Hist\u00f3ria kni\u017enice"},"content":{"rendered":"\n<div class=\"wp-block-image\"><figure class=\"aligncenter size-large\"><img loading=\"lazy\" decoding=\"async\" width=\"500\" height=\"325\" src=\"https:\/\/wp-kniznicasamorin.s3.eu-central-1.amazonaws.com\/wp-content\/uploads\/2014\/02\/regi-somorja.jpg\" alt=\"\" class=\"wp-image-20244\" srcset=\"https:\/\/wp-kniznicasamorin.s3.eu-central-1.amazonaws.com\/wp-content\/uploads\/2014\/02\/regi-somorja.jpg 500w, https:\/\/wp-kniznicasamorin.s3.eu-central-1.amazonaws.com\/wp-content\/uploads\/2014\/02\/regi-somorja-300x195.jpg 300w\" sizes=\"auto, (max-width: 500px) 100vw, 500px\" \/><\/figure><\/div>\n\n\n\n<p>Na hornom \u017ditnom ostrove bolo v 18. \u2013 19. storo\u010d\u00ed viac tzv. \u0161\u013eachtick\u00fdch a pansk\u00fdch kni\u017en\u00edc. Skromn\u00fa dom\u00e1cu kni\u017enicu mal \u0161amor\u00ednsky kl\u00e1\u0161tor Paul\u00ednov, ktor\u00fd za\u010dal svoju \u010dinnos\u0165 v roku 1778, ale nariaden\u00edm Jozefa II. bol zru\u0161en\u00fd. Dobov\u00fdm po\u017eiadavk\u00e1m zodpovedaj\u00facu zbierku kn\u00edh mala \u0161kola August\u00ednskej cirkvi, chlap\u010densk\u00e1 a diev\u010densk\u00e1 me\u0161tianska \u0161kola a \u0161tyri historick\u00e9 cirkvi mali tie\u017e vlastn\u00fa kni\u017enicu.<\/p>\n\n\n\n<p>V \u0160amor\u00edne bola zriaden\u00e1 prv\u00e1 svetsk\u00e1, me\u0161tianska kni\u017enica v rokoch 1880 pre \u017ditnoostrovsko \u2013 \u0161amor\u00ednske casino. S miestnymi kni\u017enicami, s veden\u00edm miestnej kroniky a so zalo\u017een\u00edm okresn\u00e9ho osvetov\u00e9ho v\u00fdboru sa zaoberali nasledovn\u00e9 vl\u00e1dne nariadenia: v roku 1919 \u010d. 67, v roku 1920 \u010d. 28480, v roku 1926 \u010d. 22287. V zmysle posledn\u00e9ho nariadenia vznikla v \u0160amor\u00edne roku 1927 Verejn\u00e1 kni\u017enica. Vtedy bola v\u00fdpo\u017ei\u010dn\u00e1 suma 20 halierov. Od mesta dostala kni\u017enica ro\u010dne 3 144 kor\u00fan podpory, od \u010ditate\u013eov sa z\u00edskalo 1772 kor\u00fan. Pod\u013ea invent\u00e1rnych kn\u00edh, ktor\u00e9 sa pou\u017e\u00edvaj\u00fa aj dnes, sa prv\u00e9 z\u00e1pisy urobili v p\u00e4\u0165desiatych rokoch.<br>Do roku 1960 fungovala kni\u017enica pod n\u00e1zvom Okresn\u00e1 \u013eudov\u00e1 kni\u017enica a mala v invent\u00e1ri 6790 kusov kn\u00edh.<\/p>\n\n\n\n<p>Po viacer\u00fdch s\u0165ahovaniach sa kni\u017enica v roku 1987 dostala do modernej budovy, kde na ploche 650 m\u00b2 bolo mo\u017en\u00e9 vytvori\u0165 samostatn\u00fa \u010dit\u00e1re\u0148, v\u00fdpo\u017ei\u010dn\u00e9 priestory, sklady a kancel\u00e1riu.<\/p>\n\n\n\n<p>Rok 2006 priniesol v\u00fdznamn\u00e9 zmeny. V janu\u00e1ri 2006 sa za\u010dala rekon\u0161trukcia kni\u017enice a v m\u00e1ji otvorili modern\u00fa kni\u017enicu, ktor\u00e1 funk\u010dne aj v slu\u017eb\u00e1ch zodpoved\u00e1 dne\u0161nej dobe. Po dokon\u010den\u00ed rekon\u0161trukcie bola kni\u017enica pomenovan\u00e1 na Mestsk\u00fa kni\u017enicu Zsigmonda Zalabaiho<\/p>\n","protected":false},"excerpt":{"rendered":"<p>Na hornom \u017ditnom ostrove bolo v 18. \u2013 19. storo\u010d\u00ed viac tzv. \u0161\u013eachtick\u00fdch a pansk\u00fdch kni\u017en\u00edc. Skromn\u00fa dom\u00e1cu kni\u017enicu mal \u0161amor\u00ednsky kl\u00e1\u0161tor Paul\u00ednov, ktor\u00fd za\u010dal svoju \u010dinnos\u0165 v roku 1778, ale nariaden\u00edm Jozefa II. bol zru\u0161en\u00fd. Dobov\u00fdm po\u017eiadavk\u00e1m zodpovedaj\u00facu zbierku kn\u00edh mala \u0161kola August\u00ednskej cirkvi, chlap\u010densk\u00e1 a diev\u010densk\u00e1 me\u0161tianska \u0161kola a \u0161tyri historick\u00e9 cirkvi mali&#8230; <\/p>\n<div class=\"clear\"><\/div>\n<p><a href=\"https:\/\/kniznicasamorin.sk\/sk\/historia-kniznice\/\" class=\"excerpt-read-more newsstand-button\">\u010c\u00edtaj viac<\/a><\/p>\n","protected":false},"author":1,"featured_media":0,"parent":0,"menu_order":0,"comment_status":"open","ping_status":"open","template":"","meta":{"_acf_changed":false,"footnotes":""},"class_list":["post-20138","page","type-page","status-publish","hentry"],"acf":[],"_links":{"self":[{"href":"https:\/\/kniznicasamorin.sk\/sk\/wp-json\/wp\/v2\/pages\/20138","targetHints":{"allow":["GET"]}}],"collection":[{"href":"https:\/\/kniznicasamorin.sk\/sk\/wp-json\/wp\/v2\/pages"}],"about":[{"href":"https:\/\/kniznicasamorin.sk\/sk\/wp-json\/wp\/v2\/types\/page"}],"author":[{"embeddable":true,"href":"https:\/\/kniznicasamorin.sk\/sk\/wp-json\/wp\/v2\/users\/1"}],"replies":[{"embeddable":true,"href":"https:\/\/kniznicasamorin.sk\/sk\/wp-json\/wp\/v2\/comments?post=20138"}],"version-history":[{"count":3,"href":"https:\/\/kniznicasamorin.sk\/sk\/wp-json\/wp\/v2\/pages\/20138\/revisions"}],"predecessor-version":[{"id":25859,"href":"https:\/\/kniznicasamorin.sk\/sk\/wp-json\/wp\/v2\/pages\/20138\/revisions\/25859"}],"wp:attachment":[{"href":"https:\/\/kniznicasamorin.sk\/sk\/wp-json\/wp\/v2\/media?parent=20138"}],"curies":[{"name":"wp","href":"https:\/\/api.w.org\/{rel}","templated":true}]}}