{"id":31407,"date":"2024-02-27T11:36:35","date_gmt":"2024-02-27T10:36:35","guid":{"rendered":"https:\/\/kniznicasamorin.sk\/?page_id=31407"},"modified":"2025-02-05T10:26:20","modified_gmt":"2025-02-05T09:26:20","slug":"digitalis-olvasojegy-2","status":"publish","type":"page","link":"https:\/\/kniznicasamorin.sk\/hu\/digitalis-olvasojegy-2\/","title":{"rendered":"Digit\u00e1lis olvas\u00f3jegy"},"content":{"rendered":"<div class=\"wp-block-image\">\n<figure class=\"alignleft size-large is-resized\"><a href=\"https:\/\/wp-kniznicasamorin.s3.eu-central-1.amazonaws.com\/wp-content\/uploads\/2024\/03\/hu_2.jpg\"><img loading=\"lazy\" decoding=\"async\" width=\"785\" height=\"1024\" src=\"https:\/\/wp-kniznicasamorin.s3.eu-central-1.amazonaws.com\/wp-content\/uploads\/2024\/03\/hu_2-785x1024.jpg\" alt=\"\" class=\"wp-image-31477\" style=\"aspect-ratio:0.765661252900232;width:338px;height:auto\" srcset=\"https:\/\/wp-kniznicasamorin.s3.eu-central-1.amazonaws.com\/wp-content\/uploads\/2024\/03\/hu_2-785x1024.jpg 785w, https:\/\/wp-kniznicasamorin.s3.eu-central-1.amazonaws.com\/wp-content\/uploads\/2024\/03\/hu_2-230x300.jpg 230w, https:\/\/wp-kniznicasamorin.s3.eu-central-1.amazonaws.com\/wp-content\/uploads\/2024\/03\/hu_2-768x1002.jpg 768w, https:\/\/wp-kniznicasamorin.s3.eu-central-1.amazonaws.com\/wp-content\/uploads\/2024\/03\/hu_2.jpg 800w\" sizes=\"auto, (max-width: 785px) 100vw, 785px\" \/><\/a><\/figure>\n<\/div>\n\n\n<p class=\"has-text-align-left\">K\u00f6nyvt\u00e1ri \u00fcgyeit int\u00e9zheti a \u2018Qulto eCard\u2019 applik\u00e1ci\u00f3 seg\u00edts\u00e9g\u00e9vel.\u00a0<br>Ehhez nem kell m\u00e1st tenni, mint let\u00f6lteni a Google Play \u00e1ruh\u00e1zb\u00f3l vagy az iOS AppStore-b\u00f3l a \u2018Qulto eCard\u2019 applik\u00e1ci\u00f3t.\u00a0\u00a0<\/p>\n\n\n\n<p><strong>Mi\u00e9rt aj\u00e1nljuk a haszn\u00e1lat\u00e1t?<\/strong><\/p>\n\n\n\n<p>Egyetlen helyen rendezheti k\u00f6nyvt\u00e1ri \u00fcgyeit, mind\u00f6ssze n\u00e9h\u00e1ny gombnyom\u00e1ssal.<\/p>\n\n\n\n<p><strong>Mit tud az applik\u00e1ci\u00f3?<\/strong><\/p>\n\n\n\n<ul class=\"wp-block-list\">\n<li>digit\u00e1lis olvas\u00f3jegyk\u00e9nt haszn\u00e1lhat\u00f3;<\/li>\n\n\n\n<li>kereshet a&nbsp; k\u00f6nyvt\u00e1ri katal\u00f3gusunkban;<\/li>\n\n\n\n<li>hat\u00e1rid\u0151k nyomon k\u00f6vet\u00e9se, el\u0151jegyz\u00e9sek, tartoz\u00e1sok megtekint\u00e9se, k\u00f6lcs\u00f6nz\u00e9sek hosszabb\u00edt\u00e1sa is lehets\u00e9ges;<\/li>\n\n\n\n<li>\u00e9rtes\u00edt\u00e9sek be\u00e1ll\u00edt\u00e1sa aktu\u00e1lis teend\u0151kr\u0151l, p\u00e9ld\u00e1ul lej\u00e1r\u00f3 k\u00f6lcs\u00f6nz\u00e9sekr\u0151l;<\/li>\n\n\n\n<li>a napt\u00e1r seg\u00edts\u00e9g\u00e9vel \u00e1ttekinthet\u0151k a lej\u00e1rati d\u00e1tumok.<\/li>\n<\/ul>\n\n\n\n<p>&nbsp;<br><strong>Kik haszn\u00e1lhatj\u00e1k az applik\u00e1ci\u00f3t?<\/strong><\/p>\n\n\n\n<p>A m\u00e1r beiratkozott olvas\u00f3ink olvas\u00f3jegy\u00fck \u00e9s egy kor\u00e1bban be\u00e1ll\u00edtott jelsz\u00f3 seg\u00edts\u00e9g\u00e9vel l\u00e9trehozhatj\u00e1k saj\u00e1t profiljukat az alkalmaz\u00e1sban.<\/p>\n\n\n\n<p><strong>Hogyan haszn\u00e1lhatj\u00e1k?<\/strong><\/p>\n\n\n\n<ul class=\"wp-block-list\">\n<li>Az alkalmaz\u00e1s let\u00f6lt\u00e9se ut\u00e1n az olvas\u00f3jegy felv\u00e9tel\u00e9t a nyit\u00f3oldalon a \u201c+\u201d gombra kattintva tehetik meg.<\/li>\n\n\n\n<li>Az int\u00e9zm\u00e9nyn\u00e9l a Zalabai Zsigmond V\u00e1rosi K\u00f6nyvt\u00e1rat kell keresni.<\/li>\n\n\n\n<li>Az azonos\u00edt\u00f3 sor\u00e1ba a megl\u00e9v\u0151 olvas\u00f3jegy\u00e9nek sz\u00e1m\u00e1t, kezd\u0151 jelsz\u00f3k\u00e9nt pedig a sz\u00fclet\u00e9si d\u00e1tum\u00e1t kell megadni (\u00c9\u00c9\u00c9\u00c9HHNN).<\/li>\n\n\n\n<li>Az adatv\u00e9delmi nyilatkozat elfogad\u00e1s\u00e1val \u00e9s az olvas\u00f3jegy felv\u00e9tele gombbal bet\u00f6lt\u0151dik a saj\u00e1t k\u00f6nyvt\u00e1ri profilja.<\/li>\n\n\n\n<li>Az olvas\u00f3jegyre kattintva megtekinthetik a r\u00e9szletes adatokat, k\u00f6lcs\u00f6nz\u00e9seket, hat\u00e1rid\u0151ket \u00e9s&nbsp; az esetleges tartoz\u00e1sokat is.<\/li>\n\n\n\n<li>Az app be\u00e1ll\u00edt\u00e1saiban az \u00e9rtes\u00edt\u00e9s be\u00e1ll\u00edt\u00e1sain\u00e1l k\u00fcl\u00f6n eml\u00e9keztet\u0151t adhat meg a k\u00f6lcs\u00f6nz\u00e9si hat\u00e1rid\u0151k nyomon k\u00f6vet\u00e9s\u00e9re.<\/li>\n<\/ul>\n\n\n\n<p>Ha a regisztr\u00e1ci\u00f3 sor\u00e1n b\u00e1rmilyen probl\u00e9m\u00e1ba \u00fctk\u00f6zik, net\u00e1n elfelejtette olvas\u00f3jegy\u00e9hez tartoz\u00f3 jelszav\u00e1t, k\u00e9rj\u00fck vegye fel a kapcsolatot a k\u00f6nyvt\u00e1rral!<\/p>\n\n\n\n<p>Sz\u00edvesen fogadjuk az alkalmaz\u00e1s haszn\u00e1lat\u00e1val kapcsolatos visszajelz\u00e9seiket is.<\/p>\n\n\n\n<p><\/p>\n\n\n\n<h2 class=\"wp-block-heading\"><strong>Hogyan kereshetsz k\u00f6nyveket az online katal\u00f3gusunkban?<\/strong><\/h2>\n\n\n\n<p>Ebben a r\u00f6vid vide\u00f3ban megmutatjuk, hogyan tal\u00e1lhatod meg gyorsan \u00e9s egyszer\u0171en a keresett k\u00f6nyveket a katal\u00f3gusunkban. <\/p>\n\n\n\n<p>L\u00e9pj be az online katal\u00f3gusba<br>\u00cdrd be a keresett c\u00edmet, szerz\u0151t vagy t\u00e9m\u00e1t<br>B\u00f6ng\u00e9szd a tal\u00e1latokat \u00e9s n\u00e9zd meg a r\u00e9szleteket<br>Ellen\u0151rizd az el\u00e9rhet\u0151s\u00e9get \u00e9s k\u00e9sz\u00fclhetsz az olvas\u00e1sra!<\/p>\n\n\n\n<figure class=\"wp-block-video\"><video height=\"1920\" style=\"aspect-ratio: 1080 \/ 1920;\" width=\"1080\" controls src=\"https:\/\/wp-kniznicasamorin.s3.eu-central-1.amazonaws.com\/wp-content\/uploads\/2025\/02\/Dizajn-bez-nazvu-2.mp4\"><\/video><\/figure>\n","protected":false},"excerpt":{"rendered":"<p>K\u00f6nyvt\u00e1ri \u00fcgyeit int\u00e9zheti a \u2018Qulto eCard\u2019 applik\u00e1ci\u00f3 seg\u00edts\u00e9g\u00e9vel.\u00a0Ehhez nem kell m\u00e1st tenni, mint let\u00f6lteni a Google Play \u00e1ruh\u00e1zb\u00f3l vagy az iOS AppStore-b\u00f3l a \u2018Qulto eCard\u2019 applik\u00e1ci\u00f3t.\u00a0\u00a0 Mi\u00e9rt aj\u00e1nljuk a haszn\u00e1lat\u00e1t? Egyetlen helyen rendezheti k\u00f6nyvt\u00e1ri \u00fcgyeit, mind\u00f6ssze n\u00e9h\u00e1ny gombnyom\u00e1ssal. Mit tud az applik\u00e1ci\u00f3? &nbsp;Kik haszn\u00e1lhatj\u00e1k az applik\u00e1ci\u00f3t? A m\u00e1r beiratkozott olvas\u00f3ink olvas\u00f3jegy\u00fck \u00e9s egy kor\u00e1bban be\u00e1ll\u00edtott&#8230; <\/p>\n<div class=\"clear\"><\/div>\n<p><a href=\"https:\/\/kniznicasamorin.sk\/hu\/digitalis-olvasojegy-2\/\" class=\"excerpt-read-more newsstand-button\">B\u0151vebben<\/a><\/p>\n","protected":false},"author":107,"featured_media":0,"parent":0,"menu_order":0,"comment_status":"closed","ping_status":"closed","template":"","meta":{"_acf_changed":false,"footnotes":""},"class_list":["post-31407","page","type-page","status-publish","hentry"],"acf":[],"_links":{"self":[{"href":"https:\/\/kniznicasamorin.sk\/hu\/wp-json\/wp\/v2\/pages\/31407","targetHints":{"allow":["GET"]}}],"collection":[{"href":"https:\/\/kniznicasamorin.sk\/hu\/wp-json\/wp\/v2\/pages"}],"about":[{"href":"https:\/\/kniznicasamorin.sk\/hu\/wp-json\/wp\/v2\/types\/page"}],"author":[{"embeddable":true,"href":"https:\/\/kniznicasamorin.sk\/hu\/wp-json\/wp\/v2\/users\/107"}],"replies":[{"embeddable":true,"href":"https:\/\/kniznicasamorin.sk\/hu\/wp-json\/wp\/v2\/comments?post=31407"}],"version-history":[{"count":9,"href":"https:\/\/kniznicasamorin.sk\/hu\/wp-json\/wp\/v2\/pages\/31407\/revisions"}],"predecessor-version":[{"id":32960,"href":"https:\/\/kniznicasamorin.sk\/hu\/wp-json\/wp\/v2\/pages\/31407\/revisions\/32960"}],"wp:attachment":[{"href":"https:\/\/kniznicasamorin.sk\/hu\/wp-json\/wp\/v2\/media?parent=31407"}],"curies":[{"name":"wp","href":"https:\/\/api.w.org\/{rel}","templated":true}]}}