{"id":29240,"date":"2022-01-20T11:11:14","date_gmt":"2022-01-20T10:11:14","guid":{"rendered":"https:\/\/kniznicasamorin.sk\/knizna-budka\/"},"modified":"2022-03-21T13:56:01","modified_gmt":"2022-03-21T12:56:01","slug":"knizna-budka","status":"publish","type":"page","link":"https:\/\/kniznicasamorin.sk\/hu\/knizna-budka\/","title":{"rendered":"K\u00f6nyves h\u00e1zik\u00f3"},"content":{"rendered":"\n<figure class=\"wp-block-gallery has-nested-images columns-default is-cropped wp-block-gallery-1 is-layout-flex wp-block-gallery-is-layout-flex\">\n<figure class=\"wp-block-image size-large\"><a href=\"https:\/\/wp-kniznicasamorin.s3.eu-central-1.amazonaws.com\/wp-content\/uploads\/2022\/03\/IMG_20220321_113445-scaled.jpg\"><img loading=\"lazy\" decoding=\"async\" width=\"1920\" height=\"2560\" data-id=\"29382\" src=\"https:\/\/wp-kniznicasamorin.s3.eu-central-1.amazonaws.com\/wp-content\/uploads\/2022\/03\/IMG_20220321_113445-scaled.jpg\" alt=\"\" class=\"wp-image-29382\" srcset=\"https:\/\/wp-kniznicasamorin.s3.eu-central-1.amazonaws.com\/wp-content\/uploads\/2022\/03\/IMG_20220321_113445-scaled.jpg 1920w, https:\/\/wp-kniznicasamorin.s3.eu-central-1.amazonaws.com\/wp-content\/uploads\/2022\/03\/IMG_20220321_113445-225x300.jpg 225w, https:\/\/wp-kniznicasamorin.s3.eu-central-1.amazonaws.com\/wp-content\/uploads\/2022\/03\/IMG_20220321_113445-768x1024.jpg 768w, https:\/\/wp-kniznicasamorin.s3.eu-central-1.amazonaws.com\/wp-content\/uploads\/2022\/03\/IMG_20220321_113445-1152x1536.jpg 1152w, https:\/\/wp-kniznicasamorin.s3.eu-central-1.amazonaws.com\/wp-content\/uploads\/2022\/03\/IMG_20220321_113445-1536x2048.jpg 1536w\" sizes=\"auto, (max-width: 1920px) 100vw, 1920px\" \/><\/a><\/figure>\n\n\n\n<figure class=\"wp-block-image size-large\"><a href=\"https:\/\/wp-kniznicasamorin.s3.eu-central-1.amazonaws.com\/wp-content\/uploads\/2022\/03\/IMG_20220321_113726-scaled.jpg\"><img loading=\"lazy\" decoding=\"async\" width=\"1920\" height=\"2560\" data-id=\"29385\" src=\"https:\/\/wp-kniznicasamorin.s3.eu-central-1.amazonaws.com\/wp-content\/uploads\/2022\/03\/IMG_20220321_113726-scaled.jpg\" alt=\"\" class=\"wp-image-29385\" srcset=\"https:\/\/wp-kniznicasamorin.s3.eu-central-1.amazonaws.com\/wp-content\/uploads\/2022\/03\/IMG_20220321_113726-scaled.jpg 1920w, https:\/\/wp-kniznicasamorin.s3.eu-central-1.amazonaws.com\/wp-content\/uploads\/2022\/03\/IMG_20220321_113726-225x300.jpg 225w, https:\/\/wp-kniznicasamorin.s3.eu-central-1.amazonaws.com\/wp-content\/uploads\/2022\/03\/IMG_20220321_113726-768x1024.jpg 768w, https:\/\/wp-kniznicasamorin.s3.eu-central-1.amazonaws.com\/wp-content\/uploads\/2022\/03\/IMG_20220321_113726-1152x1536.jpg 1152w, https:\/\/wp-kniznicasamorin.s3.eu-central-1.amazonaws.com\/wp-content\/uploads\/2022\/03\/IMG_20220321_113726-1536x2048.jpg 1536w\" sizes=\"auto, (max-width: 1920px) 100vw, 1920px\" \/><\/a><\/figure>\n\n\n\n<figure class=\"wp-block-image size-large\"><a href=\"https:\/\/wp-kniznicasamorin.s3.eu-central-1.amazonaws.com\/wp-content\/uploads\/2022\/03\/IMG_20220321_114333-scaled.jpg\"><img loading=\"lazy\" decoding=\"async\" width=\"1920\" height=\"2560\" data-id=\"29388\" src=\"https:\/\/wp-kniznicasamorin.s3.eu-central-1.amazonaws.com\/wp-content\/uploads\/2022\/03\/IMG_20220321_114333-scaled.jpg\" alt=\"\" class=\"wp-image-29388\" srcset=\"https:\/\/wp-kniznicasamorin.s3.eu-central-1.amazonaws.com\/wp-content\/uploads\/2022\/03\/IMG_20220321_114333-scaled.jpg 1920w, https:\/\/wp-kniznicasamorin.s3.eu-central-1.amazonaws.com\/wp-content\/uploads\/2022\/03\/IMG_20220321_114333-225x300.jpg 225w, https:\/\/wp-kniznicasamorin.s3.eu-central-1.amazonaws.com\/wp-content\/uploads\/2022\/03\/IMG_20220321_114333-768x1024.jpg 768w, https:\/\/wp-kniznicasamorin.s3.eu-central-1.amazonaws.com\/wp-content\/uploads\/2022\/03\/IMG_20220321_114333-1152x1536.jpg 1152w, https:\/\/wp-kniznicasamorin.s3.eu-central-1.amazonaws.com\/wp-content\/uploads\/2022\/03\/IMG_20220321_114333-1536x2048.jpg 1536w\" sizes=\"auto, (max-width: 1920px) 100vw, 1920px\" \/><\/a><\/figure>\n\n\n\n<figure class=\"wp-block-image size-large\"><a href=\"https:\/\/wp-kniznicasamorin.s3.eu-central-1.amazonaws.com\/wp-content\/uploads\/2022\/03\/IMG_20220321_114415-scaled.jpg\"><img loading=\"lazy\" decoding=\"async\" width=\"1920\" height=\"2560\" data-id=\"29391\" src=\"https:\/\/wp-kniznicasamorin.s3.eu-central-1.amazonaws.com\/wp-content\/uploads\/2022\/03\/IMG_20220321_114415-scaled.jpg\" alt=\"\" class=\"wp-image-29391\" srcset=\"https:\/\/wp-kniznicasamorin.s3.eu-central-1.amazonaws.com\/wp-content\/uploads\/2022\/03\/IMG_20220321_114415-scaled.jpg 1920w, https:\/\/wp-kniznicasamorin.s3.eu-central-1.amazonaws.com\/wp-content\/uploads\/2022\/03\/IMG_20220321_114415-225x300.jpg 225w, https:\/\/wp-kniznicasamorin.s3.eu-central-1.amazonaws.com\/wp-content\/uploads\/2022\/03\/IMG_20220321_114415-768x1024.jpg 768w, https:\/\/wp-kniznicasamorin.s3.eu-central-1.amazonaws.com\/wp-content\/uploads\/2022\/03\/IMG_20220321_114415-1152x1536.jpg 1152w, https:\/\/wp-kniznicasamorin.s3.eu-central-1.amazonaws.com\/wp-content\/uploads\/2022\/03\/IMG_20220321_114415-1536x2048.jpg 1536w\" sizes=\"auto, (max-width: 1920px) 100vw, 1920px\" \/><\/a><\/figure>\n\n\n\n<figure class=\"wp-block-image size-large\"><a href=\"https:\/\/wp-kniznicasamorin.s3.eu-central-1.amazonaws.com\/wp-content\/uploads\/2022\/03\/IMG_20220321_114511-scaled.jpg\"><img loading=\"lazy\" decoding=\"async\" width=\"1920\" height=\"2560\" data-id=\"29394\" src=\"https:\/\/wp-kniznicasamorin.s3.eu-central-1.amazonaws.com\/wp-content\/uploads\/2022\/03\/IMG_20220321_114511-scaled.jpg\" alt=\"\" class=\"wp-image-29394\" srcset=\"https:\/\/wp-kniznicasamorin.s3.eu-central-1.amazonaws.com\/wp-content\/uploads\/2022\/03\/IMG_20220321_114511-scaled.jpg 1920w, https:\/\/wp-kniznicasamorin.s3.eu-central-1.amazonaws.com\/wp-content\/uploads\/2022\/03\/IMG_20220321_114511-225x300.jpg 225w, https:\/\/wp-kniznicasamorin.s3.eu-central-1.amazonaws.com\/wp-content\/uploads\/2022\/03\/IMG_20220321_114511-768x1024.jpg 768w, https:\/\/wp-kniznicasamorin.s3.eu-central-1.amazonaws.com\/wp-content\/uploads\/2022\/03\/IMG_20220321_114511-1152x1536.jpg 1152w, https:\/\/wp-kniznicasamorin.s3.eu-central-1.amazonaws.com\/wp-content\/uploads\/2022\/03\/IMG_20220321_114511-1536x2048.jpg 1536w\" sizes=\"auto, (max-width: 1920px) 100vw, 1920px\" \/><\/a><\/figure>\n<\/figure>\n\n\n\n<p>A r\u00e9gi, haszn\u00e1lt k\u00f6nyvek k\u00fcl\u00f6nb\u00f6z\u0151 sorsa vannak \u00edt\u00e9lve; van ami\u00a0 k\u00f6nyves b\u00f6rz\u00e9re ker\u00fcl, n\u00e9mely pap\u00edrgy\u0171jt\u00e9sbe, de egy-egy az \u00faj k\u00f6nyves h\u00e1zik\u00f3ba, ahol k\u00f6lcs\u00f6n\u00f6zheti \u0151ket.<\/p>\n\n\n\n<p><\/p>\n\n\n\n<p>A k\u00f6nyvt\u00e1runk \u00fagy d\u00f6nt\u00f6tt, hogy kett\u0151t is l\u00e9trehoz a v\u00e1rosunkban.<\/p>\n\n\n\n<p>Az egyik a F\u0151 t\u00e9ren, a m\u00e1sik V\u00e1rosi M\u0171vel\u0151d\u00e9si K\u00f6zpont el\u0151tt, a Szent Istv\u00e1n t\u00e9ren tal\u00e1lhat\u00f3, ahol a k\u00f6rny\u00e9k lehet\u0151s\u00e9get k\u00edn\u00e1l a k\u00e9nyelmes pihen\u00e9sre egy kellemes olvasm\u00e1ny mellett.<\/p>\n\n\n\n<p>Az \u00faj k\u00f6nyves h\u00e1zik\u00f3 \u00fcvegajt\u00f3val van ell\u00e1tva \u00e9s egy QR k\u00f3d rejti a helyes haszn\u00e1lat\u00e1val kapcsolatos inform\u00e1ci\u00f3kat.<\/p>\n\n\n\n<p>A k\u00f6nyvek kiv\u00e1laszt\u00e1s\u00e1t, p\u00f3tl\u00e1s\u00e1t \u00e9s karbantart\u00e1s\u00e1t\u00a0 k\u00f6nyvt\u00e1rosaink v\u00e9gzik saj\u00e1t forr\u00e1sb\u00f3l.<\/p>\n\n\n\n<p><\/p>\n\n\n\n<p>Mire val\u00f3? Egyetlen alapelv l\u00e9tezik:&nbsp;<\/p>\n\n\n\n<figure class=\"wp-block-pullquote\"><blockquote><p>Vedd, vidd, ha elolvastad,\u00a0<\/p><p>hozd vissza vagy cser\u00e9ld ki.<\/p><\/blockquote><\/figure>\n\n\n\n<p><\/p>\n\n\n\n<p>Vegyen egy k\u00f6nyvet a h\u00e1zik\u00f3b\u00f3l, \u00fclj\u00f6n le egy padra \u00e9s olvasson. Ha tetszik a k\u00f6nyv, vigye haza, \u00e9s olvassa el otthon, k\u00e9s\u0151bb hozza vissza, vagy hozzon helyette egy m\u00e1sikat.\u00a0<\/p>\n\n\n\n<p><\/p>\n\n\n\n<p>A szolg\u00e1ltat\u00e1s ingyen ig\u00e9nybe vehet\u0151.<\/p>\n\n\n\n<p>Ezzel szeretn\u00e9nk k\u00f6zelebb hozni az olvas\u00e1s \u00e9lm\u00e9ny\u00e9t azokhoz, akik m\u00e9g nem tettek l\u00e1togat\u00e1st n\u00e1lunk \u00e9s nem fedezt\u00e9k fel szolg\u00e1ltat\u00e1sainkat.<\/p>\n\n\n\n<p><\/p>\n\n\n\n<p><\/p>\n\n\n\n<p>K\u00e9rj\u00fck kedves olvas\u00f3inkat, hogy a k\u00f6nyves h\u00e1zik\u00f3 NEM a k\u00f6nyvt\u00e1ri gy\u0171jtem\u00e9nyb\u0151l sz\u00e1rmaz\u00f3 k\u00f6nyvek visszaad\u00e1s\u00e1ra szolg\u00e1l!<\/p>\n\n\n\n<p>Ha k\u00f6nyveket szeretne adom\u00e1nyozni, akkor kisebb sz\u00e1m\u00fa k\u00f6nyvet tehet k\u00f6zvetlen\u00fcl a h\u00e1zik\u00f3ba is. Ha tov\u00e1bbi k\u00f6nyveket\u00a0 adom\u00e1nyozna k\u00f6nyvt\u00e1runknak, k\u00e9rj\u00fck, vegye fel vel\u00fcnk a kapcsolatot.<\/p>\n\n\n\n<p><\/p>\n\n\n\n<p><\/p>\n\n\n\n<p>A k\u00f6nyves h\u00e1zik\u00f3k a n\u00e9pszer\u0171 \u201eK\u00f6sz\u00f6nj\u00fck szomsz\u00e9d\u201d projekt keret\u00e9ben k\u00e9sz\u00fcltek.&nbsp;<\/p>\n\n\n\n<p>K\u00fcl\u00f6n k\u00f6sz\u00f6net Juh\u00e1sz Tibor grafikusnak, fest\u0151m\u0171v\u00e9sznek, aki a k\u00f6nyves standok grafikai terv\u00e9t k\u00e9sz\u00edtette.<\/p>\n\n\n\n<p><\/p>\n","protected":false},"excerpt":{"rendered":"<p>A r\u00e9gi, haszn\u00e1lt k\u00f6nyvek k\u00fcl\u00f6nb\u00f6z\u0151 sorsa vannak \u00edt\u00e9lve; van ami\u00a0 k\u00f6nyves b\u00f6rz\u00e9re ker\u00fcl, n\u00e9mely pap\u00edrgy\u0171jt\u00e9sbe, de egy-egy az \u00faj k\u00f6nyves h\u00e1zik\u00f3ba, ahol k\u00f6lcs\u00f6n\u00f6zheti \u0151ket. A k\u00f6nyvt\u00e1runk \u00fagy d\u00f6nt\u00f6tt, hogy kett\u0151t is l\u00e9trehoz a v\u00e1rosunkban. Az egyik a F\u0151 t\u00e9ren, a m\u00e1sik V\u00e1rosi M\u0171vel\u0151d\u00e9si K\u00f6zpont el\u0151tt, a Szent Istv\u00e1n t\u00e9ren tal\u00e1lhat\u00f3, ahol a k\u00f6rny\u00e9k lehet\u0151s\u00e9get k\u00edn\u00e1l&#8230; <\/p>\n<div class=\"clear\"><\/div>\n<p><a href=\"https:\/\/kniznicasamorin.sk\/hu\/knizna-budka\/\" class=\"excerpt-read-more newsstand-button\">B\u0151vebben<\/a><\/p>\n","protected":false},"author":107,"featured_media":0,"parent":0,"menu_order":0,"comment_status":"closed","ping_status":"closed","template":"","meta":{"_acf_changed":false,"footnotes":""},"class_list":["post-29240","page","type-page","status-publish","hentry"],"acf":[],"_links":{"self":[{"href":"https:\/\/kniznicasamorin.sk\/hu\/wp-json\/wp\/v2\/pages\/29240","targetHints":{"allow":["GET"]}}],"collection":[{"href":"https:\/\/kniznicasamorin.sk\/hu\/wp-json\/wp\/v2\/pages"}],"about":[{"href":"https:\/\/kniznicasamorin.sk\/hu\/wp-json\/wp\/v2\/types\/page"}],"author":[{"embeddable":true,"href":"https:\/\/kniznicasamorin.sk\/hu\/wp-json\/wp\/v2\/users\/107"}],"replies":[{"embeddable":true,"href":"https:\/\/kniznicasamorin.sk\/hu\/wp-json\/wp\/v2\/comments?post=29240"}],"version-history":[{"count":7,"href":"https:\/\/kniznicasamorin.sk\/hu\/wp-json\/wp\/v2\/pages\/29240\/revisions"}],"predecessor-version":[{"id":29403,"href":"https:\/\/kniznicasamorin.sk\/hu\/wp-json\/wp\/v2\/pages\/29240\/revisions\/29403"}],"wp:attachment":[{"href":"https:\/\/kniznicasamorin.sk\/hu\/wp-json\/wp\/v2\/media?parent=29240"}],"curies":[{"name":"wp","href":"https:\/\/api.w.org\/{rel}","templated":true}]}}