{"id":20158,"date":"2014-02-14T10:44:42","date_gmt":"2014-02-14T09:44:42","guid":{"rendered":"https:\/\/kniznicasamorin.sk\/?page_id=20158"},"modified":"2025-02-05T11:10:48","modified_gmt":"2025-02-05T10:10:48","slug":"elerhetoseg","status":"publish","type":"page","link":"https:\/\/kniznicasamorin.sk\/hu\/elerhetoseg\/","title":{"rendered":"El\u00e9rhet\u0151s\u00e9g"},"content":{"rendered":"<div class=\"wp-block-image\">\n<figure class=\"aligncenter size-medium\"><img decoding=\"async\" class=\"wp-image-20281 aligncenter\" src=\"https:\/\/wp-kniznicasamorin.s3.eu-central-1.amazonaws.com\/wp-content\/uploads\/2014\/02\/K%C3%B6nyvt%C3%A1r-logo-e1392726119914-196x300.jpg\" alt=\"\" \/><\/figure>\n<\/div>\n<p>Zalabai Zsigmond V\u00e1rosi K\u00f6nyvt\u00e1r<\/p>\n<p><br \/>Park utca 4.<br \/>931 01 Somorja<br \/>Szlov\u00e1k K\u00f6zt\u00e1rsas\u00e1g | Slovak Republic<br \/>Tel.: +421908400420<br \/>E-mail: kniznicasamorin@gmail.com<br \/>WEB: www.knizicasamorin.sk<br \/><\/p>\n<p><iframe loading=\"lazy\" src=\"https:\/\/www.google.com\/maps?f=q&amp;source=embed&amp;hl=hu&amp;geocode=&amp;q=samorin&amp;aq=&amp;sll=37.0625,-95.677068&amp;sspn=80.811536,158.027344&amp;ie=UTF8&amp;hq=&amp;hnear=Somorja,+Szlov%C3%A1kia&amp;ll=48.028091,17.313768&amp;spn=0.001085,0.002411&amp;t=m&amp;z=14&amp;layer=c&amp;cbll=48.031415,17.30441&amp;panoid=KiL4obAjQobZQjwXcWgqvw&amp;cbp=12,95.84,,0,0.1&amp;output=svembed\" width=\"100%\" height=\"400\" frameborder=\"0\" marginwidth=\"0\" marginheight=\"0\" scrolling=\"no\" data-mce-fragment=\"1\"><\/iframe><\/p>\n\n<div class=\"wpcf7 no-js\" id=\"wpcf7-f25697-o1\" lang=\"en-US\" dir=\"ltr\" data-wpcf7-id=\"25697\">\n<div class=\"screen-reader-response\"><p role=\"status\" aria-live=\"polite\" aria-atomic=\"true\"><\/p> <ul><\/ul><\/div>\n<form action=\"\/hu\/wp-json\/wp\/v2\/pages\/20158#wpcf7-f25697-o1\" method=\"post\" class=\"wpcf7-form init\" aria-label=\"Contact form\" novalidate=\"novalidate\" data-status=\"init\">\n<fieldset class=\"hidden-fields-container\"><input type=\"hidden\" name=\"_wpcf7\" value=\"25697\" \/><input type=\"hidden\" name=\"_wpcf7_version\" value=\"6.1.5\" \/><input type=\"hidden\" name=\"_wpcf7_locale\" value=\"en_US\" \/><input type=\"hidden\" name=\"_wpcf7_unit_tag\" value=\"wpcf7-f25697-o1\" \/><input type=\"hidden\" name=\"_wpcf7_container_post\" value=\"0\" \/><input type=\"hidden\" name=\"_wpcf7_posted_data_hash\" value=\"\" \/>\n<\/fieldset>\n<p>Vezet\u00e9kn\u00e9v \u00e9s keresztn\u00e9v (k\u00f6telez\u0151)\n<\/p>\n<p><span class=\"wpcf7-form-control-wrap\" data-name=\"your-name\"><input size=\"40\" maxlength=\"400\" class=\"wpcf7-form-control wpcf7-text wpcf7-validates-as-required\" aria-required=\"true\" aria-invalid=\"false\" value=\"\" type=\"text\" name=\"your-name\" \/><\/span>\n<\/p>\n<p>E-mail c\u00edm (required)\n<\/p>\n<p><span class=\"wpcf7-form-control-wrap\" data-name=\"your-email\"><input size=\"40\" maxlength=\"400\" class=\"wpcf7-form-control wpcf7-email wpcf7-validates-as-required wpcf7-text wpcf7-validates-as-email\" aria-required=\"true\" aria-invalid=\"false\" value=\"\" type=\"email\" name=\"your-email\" \/><\/span>\n<\/p>\n<p>T\u00e1rgy\n<\/p>\n<p><span class=\"wpcf7-form-control-wrap\" data-name=\"your-subject\"><input size=\"40\" maxlength=\"400\" class=\"wpcf7-form-control wpcf7-text\" aria-invalid=\"false\" value=\"\" type=\"text\" name=\"your-subject\" \/><\/span>\n<\/p>\n<p>\u00dczenet\n<\/p>\n<p><span class=\"wpcf7-form-control-wrap\" data-name=\"your-message\"><textarea cols=\"40\" rows=\"10\" maxlength=\"2000\" class=\"wpcf7-form-control wpcf7-textarea\" aria-invalid=\"false\" name=\"your-message\"><\/textarea><\/span>\n<\/p>\n<p><input class=\"wpcf7-form-control wpcf7-submit has-spinner\" type=\"submit\" value=\"K\u00fcld\u00e9s\" \/>\n<\/p><div class=\"wpcf7-response-output\" aria-hidden=\"true\"><\/div>\n<\/form>\n<\/div>\n\n","protected":false},"excerpt":{"rendered":"<p>Zalabai Zsigmond V\u00e1rosi K\u00f6nyvt\u00e1r Park utca 4.931 01 SomorjaSzlov\u00e1k K\u00f6zt\u00e1rsas\u00e1g | Slovak RepublicTel.: +421908400420E-mail: kniznicasamorin@gmail.comWEB: www.knizicasamorin.sk<\/p>\n","protected":false},"author":107,"featured_media":0,"parent":0,"menu_order":0,"comment_status":"open","ping_status":"open","template":"","meta":{"_acf_changed":false,"footnotes":""},"class_list":["post-20158","page","type-page","status-publish","hentry"],"acf":[],"_links":{"self":[{"href":"https:\/\/kniznicasamorin.sk\/hu\/wp-json\/wp\/v2\/pages\/20158","targetHints":{"allow":["GET"]}}],"collection":[{"href":"https:\/\/kniznicasamorin.sk\/hu\/wp-json\/wp\/v2\/pages"}],"about":[{"href":"https:\/\/kniznicasamorin.sk\/hu\/wp-json\/wp\/v2\/types\/page"}],"author":[{"embeddable":true,"href":"https:\/\/kniznicasamorin.sk\/hu\/wp-json\/wp\/v2\/users\/107"}],"replies":[{"embeddable":true,"href":"https:\/\/kniznicasamorin.sk\/hu\/wp-json\/wp\/v2\/comments?post=20158"}],"version-history":[{"count":9,"href":"https:\/\/kniznicasamorin.sk\/hu\/wp-json\/wp\/v2\/pages\/20158\/revisions"}],"predecessor-version":[{"id":30822,"href":"https:\/\/kniznicasamorin.sk\/hu\/wp-json\/wp\/v2\/pages\/20158\/revisions\/30822"}],"wp:attachment":[{"href":"https:\/\/kniznicasamorin.sk\/hu\/wp-json\/wp\/v2\/media?parent=20158"}],"curies":[{"name":"wp","href":"https:\/\/api.w.org\/{rel}","templated":true}]}}