{"id":20102,"date":"2014-02-04T11:45:04","date_gmt":"2014-02-04T10:45:04","guid":{"rendered":"https:\/\/kniznicasamorin.sk\/?page_id=20102"},"modified":"2020-03-06T15:40:32","modified_gmt":"2020-03-06T14:40:32","slug":"a-konyvtar-tortenete","status":"publish","type":"page","link":"https:\/\/kniznicasamorin.sk\/hu\/a-konyvtar-tortenete\/","title":{"rendered":"A k\u00f6nyvt\u00e1r t\u00f6rt\u00e9nete"},"content":{"rendered":"\n<f<div class=\"wp-block-image\"><figure class=\"aligncenter size-large\"><figure><img loading=\"lazy\" decoding=\"async\" width=\"500\" height=\"325\" src=\"https:\/\/wp-kniznicasamorin.s3.eu-central-1.amazonaws.com\/wp-content\/uploads\/2014\/02\/regi-somorja.jpg\" alt=\"\" class=\"wp-image-20244\" srcset=\"https:\/\/wp-kniznicasamorin.s3.eu-central-1.amazonaws.com\/wp-content\/uploads\/2014\/02\/regi-somorja.jpg 500w, https:\/\/wp-kniznicasamorin.s3.eu-central-1.amazonaws.com\/wp-content\/uploads\/2014\/02\/regi-somorja-300x195.jpg 300w\" sizes=\"auto, (max-width: 500px) 100vw, 500px\" \/><\/figure><\/figure><\/f<div>\n\n\n\n<p>Fels\u0151-Csall\u00f3k\u00f6zben a 18-19. sz\u00e1zadban sz\u00e1mos \u00fagynevezett f\u0151\u00fari \u00e9s nemesi k\u00f6nyvt\u00e1r volt. Szer\u00e9ny h\u00e1zi k\u00f6nyvt\u00e1ra volt az 1778-ban \u00e1tadott, majd II. J\u00f3zsef rendelete \u00e9rtelm\u00e9ben feloszlatott somorjai Paul\u00e1nos szerzetesrend kolostor\u00e1nak. A kornak megfelel\u0151 k\u00f6nyv\u00e1llom\u00e1nya volt az \u00c1gotai Hitvall\u00e1s\u00fa Egyh\u00e1z iskol\u00e1j\u00e1nak, a Polg\u00e1ri Fi\u00fa- \u00e9s Le\u00e1nyiskol\u00e1nak, valamint a n\u00e9gy t\u00f6rt\u00e9nelmi egyh\u00e1znak is saj\u00e1t k\u00f6nyvt\u00e1ra volt. Somorj\u00e1n az els\u0151 vil\u00e1gi, polg\u00e1ri k\u00f6nyvt\u00e1r az 1880-as \u00e9vekben alakult a Csall\u00f3k\u00f6z-Somorjai Casino-nak. Az 1919. \u00e9vi 67. sz\u00e1m\u00fa, majd az 1920. \u00e9vi 28480. sz\u00e1m\u00fa \u00e9s az 1926. \u00e9vi 22287. sz\u00e1m\u00fa korm\u00e1nyrendelet foglalkozott a helyi k\u00f6nyvt\u00e1rak, a helyi kr\u00f3nika\u00edr\u00e1s, valamint a j\u00e1r\u00e1si m\u0171vel\u0151d\u00e9si bizotts\u00e1g l\u00e9trehoz\u00e1s\u00e1val. E rendelet \u00e9rtelm\u00e9ban j\u00f6tt l\u00e9tre Somorj\u00e1n 1927-ben a nyilv\u00e1nos K\u00f6zk\u00f6nyvt\u00e1r. Ekkor az olvas\u00f3i d\u00edj 20 fill\u00e9r volt.<br>A v\u00e1rost\u00f3l \u00e9vi 3 144 korona t\u00e1mogat\u00e1st kapott, az olvas\u00f3kt\u00f3l l772 korona bev\u00e9tele volt . A ma is haszn\u00e1latos lelt\u00e1rk\u00f6nyvek szerint az els\u0151 be\u00edr\u00e1sok az 50-es \u00e9vek k\u00f6zep\u00e9n ker\u00fcltek be a lelt\u00e1rk\u00f6nyvbe.<\/p>\n\n\n\n<p>1960-ig mint J\u00e1r\u00e1si N\u00e9pk\u00f6nyvt\u00e1r m\u0171k\u00f6d\u00f6tt, addig 6790db k\u00f6nyv szerepelt a jegyz\u00e9kben.<\/p>\n\n\n\n<p>1955-1978 k\u00f6z\u00f6tt Wer\u0161kov Emma dolgozott mint k\u00f6nyvt\u00e1ros \u00e9s vezet\u0151. T\u00f6bbsz\u00f6ri k\u00f6lt\u00f6zk\u00f6d\u00e9s ut\u00e1n a k\u00f6nyvt\u00e1r korszer\u0171 \u00e9p\u00fcletbe k\u00f6lt\u00f6z\u00f6tt, ahol 650 m2-es ter\u00fcleten m\u0171k\u00f6d\u00f6tt a feln\u0151tt \u00e9s ifj\u00fas\u00e1gi oszt\u00e1ly, 4 dolgoz\u00f3val.<\/p>\n\n\n\n<p>A 2006-os \u00e9v nagy v\u00e1ltoz\u00e1sokat hozott a k\u00f6nyvt\u00e1r \u00e9let\u00e9ben. Janu\u00e1rban elkezd\u0151d\u00f6tt az \u00e9p\u00fclet k\u00fcls\u0151 \u00e9s bels\u0151 fel\u00faj\u00edt\u00e1sa. Egy\u00e9ves munka ut\u00e1n decemberben befejez\u0151d\u00f6tt a k\u00f6nyvt\u00e1r moderniz\u00e1l\u00e1sa. Nemcsak a hagyom\u00e1nyos r\u00e9szlegek \u00fajultak meg, hanem \u00fajra lett gyermekr\u00e9szleg, \u00e9s a vil\u00e1gh\u00e1l\u00f3n is barangolhatnak a k\u00f6nyvt\u00e1r olvas\u00f3i.<\/p>\n","protected":false},"excerpt":{"rendered":"","protected":false},"author":1,"featured_media":0,"parent":0,"menu_order":0,"comment_status":"open","ping_status":"open","template":"","meta":{"_acf_changed":false,"footnotes":""},"class_list":["post-20102","page","type-page","status-publish","hentry"],"acf":[],"_links":{"self":[{"href":"https:\/\/kniznicasamorin.sk\/hu\/wp-json\/wp\/v2\/pages\/20102","targetHints":{"allow":["GET"]}}],"collection":[{"href":"https:\/\/kniznicasamorin.sk\/hu\/wp-json\/wp\/v2\/pages"}],"about":[{"href":"https:\/\/kniznicasamorin.sk\/hu\/wp-json\/wp\/v2\/types\/page"}],"author":[{"embeddable":true,"href":"https:\/\/kniznicasamorin.sk\/hu\/wp-json\/wp\/v2\/users\/1"}],"replies":[{"embeddable":true,"href":"https:\/\/kniznicasamorin.sk\/hu\/wp-json\/wp\/v2\/comments?post=20102"}],"version-history":[{"count":5,"href":"https:\/\/kniznicasamorin.sk\/hu\/wp-json\/wp\/v2\/pages\/20102\/revisions"}],"predecessor-version":[{"id":25915,"href":"https:\/\/kniznicasamorin.sk\/hu\/wp-json\/wp\/v2\/pages\/20102\/revisions\/25915"}],"wp:attachment":[{"href":"https:\/\/kniznicasamorin.sk\/hu\/wp-json\/wp\/v2\/media?parent=20102"}],"curies":[{"name":"wp","href":"https:\/\/api.w.org\/{rel}","templated":true}]}}