{"id":20101,"date":"2014-02-04T11:44:07","date_gmt":"2014-02-04T10:44:07","guid":{"rendered":"https:\/\/kniznicasamorin.sk\/?page_id=20101"},"modified":"2020-09-21T16:05:27","modified_gmt":"2020-09-21T14:05:27","slug":"zalabai-zsigmond","status":"publish","type":"page","link":"https:\/\/kniznicasamorin.sk\/hu\/zalabai-zsigmond\/","title":{"rendered":"Zalabai Zsigmond"},"content":{"rendered":"\n<div class=\"wp-block-image\"><figure class=\"aligncenter size-large\"><img decoding=\"async\" src=\"https:\/\/wp-kniznicasamorin.s3.eu-central-1.amazonaws.com\/wp-content\/uploads\/2014\/02\/zalabai.jpg\" crossorigin=\"anonymous\" width=\"2\" class=\"watermark\"><figcaption>Zalabai Zsigmond<\/figcaption><\/figure><\/div>\n\n\n\n<h2 class=\"wp-block-heading\">  <strong>Zalabai<\/strong> <strong>Zsigmond<\/strong><\/h2>\n\n\n\n<p>1948. 01. 29., Ipolyp\u00e1szt\u00f3, \u2020 2003. 12. 26., Somorja<\/p>\n\n\n\n<p>Kritikus, irodalomt\u00f6rt\u00e9n\u00e9sz, szerkeszt\u0151, egyetemi oktat\u00f3.<\/p>\n\n\n\n<p>Ipolys\u00e1gon \u00e9retts\u00e9gizett (1966), a pozsonyi Comenius Egyetem BTK-\u00e1n szerzett angol-magyar tan\u00e1ri oklevelet (1972), majd uo. kandid\u00e1tusi fokozatot (1988).<\/p>\n\n\n\n<p>Az MTA doktora (1995). 1972\u20131975-ben az Irodalmi Szemle, 1975\u20131989-ben a Mad\u00e1ch K\u00f6nyv- \u00e9s Lapkiad\u00f3 eredeti irodalmi r\u00e9szleg vezet\u0151je, 1988-t\u00f3l a kiad\u00f3 f\u0151szerk.h. 1988-t\u00f3l a Comenius Egyetem Magyar Nyelv \u00e9s Irodalom Tansz\u00e9k\u00e9nek adjunktusa, majd docense, 1990\u20131992-ben tansz\u00e9kvezet\u0151.<\/p>\n\n\n\n<p>Az 1960-as \u00e9vek m\u00e1sodik fel\u00e9ben indult \u00edr\u00f3nemzed\u00e9k hangad\u00f3 kritikusa. Irodalomelm\u00e9lettel, stilisztikai k\u00e9rd\u00e9sekkel \u00e9s helyt\u00f6rt\u00e9nettel is foglalkozott. T\u00f6bb irodalmi, publicisztikai antol\u00f3gi\u00e1t, v\u00e1logat\u00e1st szerkesztett.<\/p>\n\n\n\n<p>Kezdem\u00e9nyez\u0151je volt az \u00daj Mindenes Gy\u0171jtem\u00e9ny c. sorozatnak. T\u00f6bb k\u00f6tetet \u00e1ll\u00edtott \u00f6ssze Szenczi Moln\u00e1r Albertr\u00f3l. Verses magyar Boh\u00e9mia c\u00edmmel magyar k\u00f6lt\u0151k csehorsz\u00e1gi vonatkoz\u00e1s\u00fa verseib\u0151l \u00e1ll\u00edtott \u00f6ssze \u201eolvas\u00f3k\u00f6nyvet\u201d (2001).<\/p>\n\n\n\n<p>Megalap\u00edtotta a somorjai Bibliotheca Hungaric\u00e1t. P\u00e1ly\u00e1ja az 1990-es \u00e9vekt\u0151l megt\u00f6rt.<\/p>\n\n\n\n<p>D\u00edjak: Mad\u00e1ch-d\u00edj (1981, 1990), Szlov\u00e1kiai \u00cdr\u00f3szervezetek T\u00e1rsul\u00e1s\u00e1nak D\u00edja (1996); M\u00e1rton \u00c1ron Eml\u00e9k\u00e9rem (1999).<\/p>\n\n\n\n<p>F\u0151bb m\u0171vei: A vers t\u00faloldal\u00e1n (tan.) 1974; M\u00e9rlegpr\u00f3ba (tan.) 1975; T\u0171n\u0151d\u00e9s a tr\u00f3pusokon (mon.) 1981; Mindenekr\u0151l sz\u00e1mot adok (Ipolyp\u00e1szt\u00f3 mon. 1. r\u00e9sz) 1984; Hazah\u00edv a harangsz\u00f3 (Ipolyp\u00e1szt\u00f3 mon. 2. r\u00e9sz) 1985; Verst\u00f6rt\u00e9n\u00e9s (tan.) 1995; V\u00edz, v\u00edz, v\u00edz&#8230; (publ. Presinszky Lajossal) 1995; Irodalom \u00e9s iroda-lom (c., tan.) 2001.<\/p>\n\n\n\n<p>Irodalom: Filep Tam\u00e1s Guszt\u00e1v: Zalabai Zsigmond (mon.) 1998, 2004.<\/p>\n","protected":false},"excerpt":{"rendered":"<p>Zalabai Zsigmond Zalabai Zsigmond 1948. 01. 29., Ipolyp\u00e1szt\u00f3, \u2020 2003. 12. 26., Somorja Kritikus, irodalomt\u00f6rt\u00e9n\u00e9sz, szerkeszt\u0151, egyetemi oktat\u00f3. Ipolys\u00e1gon \u00e9retts\u00e9gizett (1966), a pozsonyi Comenius Egyetem BTK-\u00e1n szerzett angol-magyar tan\u00e1ri oklevelet (1972), majd uo. kandid\u00e1tusi fokozatot (1988). Az MTA doktora (1995). 1972\u20131975-ben az Irodalmi Szemle, 1975\u20131989-ben a Mad\u00e1ch K\u00f6nyv- \u00e9s Lapkiad\u00f3 eredeti irodalmi r\u00e9szleg vezet\u0151je, 1988-t\u00f3l&#8230; <\/p>\n<div class=\"clear\"><\/div>\n<p><a href=\"https:\/\/kniznicasamorin.sk\/hu\/zalabai-zsigmond\/\" class=\"excerpt-read-more newsstand-button\">B\u0151vebben<\/a><\/p>\n","protected":false},"author":1,"featured_media":0,"parent":0,"menu_order":0,"comment_status":"open","ping_status":"open","template":"","meta":{"_acf_changed":false,"footnotes":""},"class_list":["post-20101","page","type-page","status-publish","hentry"],"acf":[],"_links":{"self":[{"href":"https:\/\/kniznicasamorin.sk\/hu\/wp-json\/wp\/v2\/pages\/20101","targetHints":{"allow":["GET"]}}],"collection":[{"href":"https:\/\/kniznicasamorin.sk\/hu\/wp-json\/wp\/v2\/pages"}],"about":[{"href":"https:\/\/kniznicasamorin.sk\/hu\/wp-json\/wp\/v2\/types\/page"}],"author":[{"embeddable":true,"href":"https:\/\/kniznicasamorin.sk\/hu\/wp-json\/wp\/v2\/users\/1"}],"replies":[{"embeddable":true,"href":"https:\/\/kniznicasamorin.sk\/hu\/wp-json\/wp\/v2\/comments?post=20101"}],"version-history":[{"count":10,"href":"https:\/\/kniznicasamorin.sk\/hu\/wp-json\/wp\/v2\/pages\/20101\/revisions"}],"predecessor-version":[{"id":27066,"href":"https:\/\/kniznicasamorin.sk\/hu\/wp-json\/wp\/v2\/pages\/20101\/revisions\/27066"}],"wp:attachment":[{"href":"https:\/\/kniznicasamorin.sk\/hu\/wp-json\/wp\/v2\/media?parent=20101"}],"curies":[{"name":"wp","href":"https:\/\/api.w.org\/{rel}","templated":true}]}}