{"id":20100,"date":"2014-02-04T11:43:31","date_gmt":"2014-02-04T10:43:31","guid":{"rendered":"https:\/\/kniznicasamorin.sk\/?page_id=20100"},"modified":"2024-02-26T15:43:08","modified_gmt":"2024-02-26T14:43:08","slug":"rolunk","status":"publish","type":"page","link":"https:\/\/kniznicasamorin.sk\/hu\/rolunk\/","title":{"rendered":"R\u00f3lunk"},"content":{"rendered":"<p><span style=\"color: #ff6600;\">A k\u00f6nyvt\u00e1r tagja lehet:<\/span><br \/>&#8211; aki szem\u00e9lyes adatait \u00e9rv\u00e9nyes okm\u00e1nnyal igazolja,<br \/>&#8211; a tagd\u00edjat befizeti &#8211; feln\u0151ttek:<strong> 10 \u20ac<\/strong>, gyermekek \u00e9s nyugd\u00edjasok: 5<strong> \u20ac<\/strong>,<br \/>&#8211; a<a href=\"https:\/\/kniznicasamorin.sk\/sk\/kniznicny-a-vypozicny-poriadok\/\"> k\u00f6nyvt\u00e1rhaszn\u00e1lati szab\u00e1lyzatot<\/a> elismeri \u00e9s betartja,<br \/>&#8211; 15 \u00e9ven aluliak tags\u00e1g\u00e1hoz sz\u00fcl\u0151i (\u00edr\u00e1sos) hozz\u00e1j\u00e1rul\u00e1s sz\u00fcks\u00e9ges.<\/p>\n<p><span style=\"color: #ff6600;\">A k\u00f6nyvt\u00e1r gy\u0171jtem\u00e9ny\u00e9ben<\/span> t\u00f6bb mint 50 000 k\u00f6nyv:<br \/>&#8211; gyermekirodalom,<br \/>&#8211; sz\u00e9pirodalom \u00e9s<br \/>&#8211; ismeretterjeszt\u0151 irodalom \u00e1ll az olvas\u00f3 rendelkez\u00e9s\u00e9re.<\/p>\n<p>Az olvas\u00f3teremben<strong> 33<\/strong><span style=\"color: #ff6600;\"><strong>\u00a0<\/strong> fajta foly\u00f3irat<\/span> tal\u00e1lhat\u00f3:<\/p>\n<p><strong>Napilapok<\/strong><\/p>\n<p>\u00daj Sz\u00f3, Hospod\u00e1rske noviny, Nov\u00fd \u010das, Pravda, Sme<\/p>\n<p><strong>Foly\u00f3iratok<\/strong><\/p>\n<p>B\u00e1je\u010dn\u00e1 \u017eena, Best, Csal\u00e1di Lap, Csall\u00f3k\u00f6z &#8211; \u017ditn\u00fd ostrov, Elix\u00edr, Forr\u00e1s, F\u00f3rum T\u00e1rsadalomtudom\u00e1nyi Szemle, HVG,\u00a0 Infoware, Irodalmi Szemle, Katedra, Kertbar\u00e1t, Kiskegyed,\u00a0 N\u0151k Lapja, PC revue, Pekn\u00e9 B\u00fdvanie, Plus 7 dn\u00ed, Slovenka, Somorja \u00e9s Vid\u00e9ke &#8211; \u0160amor\u00ednske noviny, Story, T\u00fd\u017ede\u0148, Trend, \u00daj N\u0151, Vas\u00e1rnap, Z\u00e1hradk\u00e1r, Zdravie, Zem a vek, \u017divot.<\/p>\n<p><span style=\"color: #ff6600;\">Szolg\u00e1ltat\u00e1saink<\/span>:<br \/>&#8211; K\u00f6lcs\u00f6nz\u00e9s<br \/>&#8211; T\u00e1j\u00e9koztat\u00e1s<br \/>&#8211; El\u0151jegyz\u00e9s<br \/>&#8211; K\u00f6nyvt\u00e1rk\u00f6zi k\u00f6lcs\u00f6nz\u00e9s<br \/>&#8211; F\u00e9nym\u00e1sol\u00e1s<br \/>&#8211; Sz\u00e1m\u00edt\u00f3g\u00e9p-haszn\u00e1lat<br \/>&#8211; Internet \u2013 csak m\u0171vel\u0151d\u00e9si c\u00e9lokra<\/p>\n\n\n<figure class=\"wp-block-image size-large\"><a href=\"https:\/\/wp-kniznicasamorin.s3.eu-central-1.amazonaws.com\/wp-content\/uploads\/2024\/02\/2024_vypozicny-poriadok.jpg\"><img loading=\"lazy\" decoding=\"async\" width=\"724\" height=\"1024\" src=\"https:\/\/wp-kniznicasamorin.s3.eu-central-1.amazonaws.com\/wp-content\/uploads\/2024\/02\/2024_vypozicny-poriadok-724x1024.jpg\" alt=\"\" class=\"wp-image-31383\" srcset=\"https:\/\/wp-kniznicasamorin.s3.eu-central-1.amazonaws.com\/wp-content\/uploads\/2024\/02\/2024_vypozicny-poriadok-724x1024.jpg 724w, https:\/\/wp-kniznicasamorin.s3.eu-central-1.amazonaws.com\/wp-content\/uploads\/2024\/02\/2024_vypozicny-poriadok-212x300.jpg 212w, https:\/\/wp-kniznicasamorin.s3.eu-central-1.amazonaws.com\/wp-content\/uploads\/2024\/02\/2024_vypozicny-poriadok-768x1086.jpg 768w, https:\/\/wp-kniznicasamorin.s3.eu-central-1.amazonaws.com\/wp-content\/uploads\/2024\/02\/2024_vypozicny-poriadok-1086x1536.jpg 1086w, https:\/\/wp-kniznicasamorin.s3.eu-central-1.amazonaws.com\/wp-content\/uploads\/2024\/02\/2024_vypozicny-poriadok-1448x2048.jpg 1448w, https:\/\/wp-kniznicasamorin.s3.eu-central-1.amazonaws.com\/wp-content\/uploads\/2024\/02\/2024_vypozicny-poriadok.jpg 1654w\" sizes=\"auto, (max-width: 724px) 100vw, 724px\" \/><\/a><\/figure>\n","protected":false},"excerpt":{"rendered":"<p>A k\u00f6nyvt\u00e1r tagja lehet:&#8211; aki szem\u00e9lyes adatait \u00e9rv\u00e9nyes okm\u00e1nnyal igazolja,&#8211; a tagd\u00edjat befizeti &#8211; feln\u0151ttek: 10 \u20ac, gyermekek \u00e9s nyugd\u00edjasok: 5 \u20ac,&#8211; a k\u00f6nyvt\u00e1rhaszn\u00e1lati szab\u00e1lyzatot elismeri \u00e9s betartja,&#8211; 15 \u00e9ven aluliak tags\u00e1g\u00e1hoz sz\u00fcl\u0151i (\u00edr\u00e1sos) hozz\u00e1j\u00e1rul\u00e1s sz\u00fcks\u00e9ges. A k\u00f6nyvt\u00e1r gy\u0171jtem\u00e9ny\u00e9ben t\u00f6bb mint 50 000 k\u00f6nyv:&#8211; gyermekirodalom,&#8211; sz\u00e9pirodalom \u00e9s&#8211; ismeretterjeszt\u0151 irodalom \u00e1ll az olvas\u00f3 rendelkez\u00e9s\u00e9re. Az olvas\u00f3teremben&#8230; <\/p>\n<div class=\"clear\"><\/div>\n<p><a href=\"https:\/\/kniznicasamorin.sk\/hu\/rolunk\/\" class=\"excerpt-read-more newsstand-button\">B\u0151vebben<\/a><\/p>\n","protected":false},"author":1,"featured_media":20243,"parent":0,"menu_order":0,"comment_status":"open","ping_status":"open","template":"","meta":{"_acf_changed":false,"footnotes":""},"class_list":["post-20100","page","type-page","status-publish","has-post-thumbnail","hentry"],"acf":[],"_links":{"self":[{"href":"https:\/\/kniznicasamorin.sk\/hu\/wp-json\/wp\/v2\/pages\/20100","targetHints":{"allow":["GET"]}}],"collection":[{"href":"https:\/\/kniznicasamorin.sk\/hu\/wp-json\/wp\/v2\/pages"}],"about":[{"href":"https:\/\/kniznicasamorin.sk\/hu\/wp-json\/wp\/v2\/types\/page"}],"author":[{"embeddable":true,"href":"https:\/\/kniznicasamorin.sk\/hu\/wp-json\/wp\/v2\/users\/1"}],"replies":[{"embeddable":true,"href":"https:\/\/kniznicasamorin.sk\/hu\/wp-json\/wp\/v2\/comments?post=20100"}],"version-history":[{"count":7,"href":"https:\/\/kniznicasamorin.sk\/hu\/wp-json\/wp\/v2\/pages\/20100\/revisions"}],"predecessor-version":[{"id":31388,"href":"https:\/\/kniznicasamorin.sk\/hu\/wp-json\/wp\/v2\/pages\/20100\/revisions\/31388"}],"wp:featuredmedia":[{"embeddable":true,"href":"https:\/\/kniznicasamorin.sk\/hu\/wp-json\/wp\/v2\/media\/20243"}],"wp:attachment":[{"href":"https:\/\/kniznicasamorin.sk\/hu\/wp-json\/wp\/v2\/media?parent=20100"}],"curies":[{"name":"wp","href":"https:\/\/api.w.org\/{rel}","templated":true}]}}